{"id":825,"date":"2018-03-13T12:03:33","date_gmt":"2018-03-13T16:03:33","guid":{"rendered":"https:\/\/dev.maisonenergeco.com\/model-prefab-home-factory\/multi-logement-modulable\/"},"modified":"2018-04-12T11:49:03","modified_gmt":"2018-04-12T15:49:03","slug":"modular-multi-unit","status":"publish","type":"page","link":"https:\/\/maisonenergeco.com\/en\/model-prefab-home-factory\/modular-multi-unit\/","title":{"rendered":"Multi-unit"},"content":{"rendered":"<div class=\"wpb-content-wrapper\"><p>[vc_row full_width=&#8221;stretch_row&#8221; content_placement=&#8221;top&#8221; css=&#8221;.vc_custom_1521232225513{margin-bottom: 0px !important;padding-top: 35px !important;padding-bottom: 0px !important;background-image: url(https:\/\/maisonenergeco.com\/wp-content\/uploads\/2018\/03\/fond-gris.jpg?id=340) !important;}&#8221;][vc_column width=&#8221;1\/2&#8243;][vc_text_separator title=&#8221;Modular homes&#8221; title_align=&#8221;separator_align_left&#8221; align=&#8221;align_left&#8221; color=&#8221;custom&#8221; border_width=&#8221;2&#8243; el_width=&#8221;70&#8243; accent_color=&#8221;#9dad20&#8243; css=&#8221;.vc_custom_1523393891116{padding-top: 20px !important;}&#8221;][vc_column_text]<\/p>\n<h1>OUR MODULAR<br \/>\nMULTI-UNIT MODELS<\/h1>\n<p>[\/vc_column_text][\/vc_column][vc_column width=&#8221;1\/2&#8243; css=&#8221;.vc_custom_1521050235681{margin-bottom: 0px !important;padding-right: 0px !important;padding-bottom: 0px !important;padding-left: 0px !important;}&#8221;][vc_single_image image=&#8221;627&#8243; img_size=&#8221;full&#8221; css=&#8221;.vc_custom_1523372596558{margin-top: -50px !important;margin-right: 0px !important;margin-bottom: 0px !important;margin-left: 0px !important;padding-right: 0px !important;padding-bottom: 0px !important;padding-left: 0px !important;}&#8221;][\/vc_column][\/vc_row][vc_row][vc_column width=&#8221;3\/4&#8243;][vc_column_text]Our modular multi-unit homes can be adapted to specific needs and budgets.[\/vc_column_text][vc_row_inner][vc_column_inner width=&#8221;1\/2&#8243;][vc_single_image image=&#8221;409&#8243; img_size=&#8221;full&#8221; style=&#8221;vc_box_shadow&#8221; css=&#8221;.vc_custom_1521232626060{margin-bottom: -15px !important;padding-bottom: 0px !important;}&#8221;][vc_text_separator title=&#8221;Duplex &#8221; color=&#8221;custom&#8221; border_width=&#8221;2&#8243; accent_color=&#8221;#333333&#8243; el_class=&#8221;titre-maison&#8221;][vc_column_text]<a href=\"https:\/\/maisonenergeco.com\/wp-content\/uploads\/2018\/03\/duplex.jpg\" rel=\"duplex\"><img loading=\"lazy\" decoding=\"async\" class=\"aligncenter wp-image-542 size-full\" src=\"https:\/\/maisonenergeco.com\/wp-content\/uploads\/2018\/04\/see-more-bouton.jpg\" alt=\"\" width=\"427\" height=\"49\" \/><\/a>[\/vc_column_text][\/vc_column_inner][vc_column_inner width=&#8221;1\/2&#8243;][vc_single_image image=&#8221;405&#8243; img_size=&#8221;full&#8221; style=&#8221;vc_box_shadow&#8221; css=&#8221;.vc_custom_1523547958075{margin-bottom: -15px !important;padding-bottom: 0px !important;}&#8221;][vc_text_separator title=&#8221;Triplex&#8221; color=&#8221;custom&#8221; border_width=&#8221;2&#8243; accent_color=&#8221;#333333&#8243; el_class=&#8221;titre-maison&#8221;][vc_column_text]<a href=\"https:\/\/maisonenergeco.com\/wp-content\/uploads\/2018\/03\/multi-etage-photo.jpg\" rel=\"triplex\"><img loading=\"lazy\" decoding=\"async\" class=\"aligncenter wp-image-542 size-full\" src=\"https:\/\/maisonenergeco.com\/wp-content\/uploads\/2018\/04\/bouton-modele-fr.jpg\" alt=\"\" width=\"427\" height=\"49\" srcset=\"https:\/\/maisonenergeco.com\/wp-content\/uploads\/2018\/04\/bouton-modele-fr.jpg 427w, https:\/\/maisonenergeco.com\/wp-content\/uploads\/2018\/04\/bouton-modele-fr-300x34.jpg 300w, https:\/\/maisonenergeco.com\/wp-content\/uploads\/2018\/04\/bouton-modele-fr-260x30.jpg 260w, https:\/\/maisonenergeco.com\/wp-content\/uploads\/2018\/04\/bouton-modele-fr-50x6.jpg 50w, https:\/\/maisonenergeco.com\/wp-content\/uploads\/2018\/04\/bouton-modele-fr-150x17.jpg 150w\" sizes=\"auto, (max-width:767px) 427px, 427px\" \/><\/a>[\/vc_column_text][\/vc_column_inner][\/vc_row_inner][vc_row_inner][vc_column_inner width=&#8221;1\/2&#8243;][vc_single_image image=&#8221;413&#8243; img_size=&#8221;full&#8221; style=&#8221;vc_box_shadow&#8221; css=&#8221;.vc_custom_1521232910996{margin-bottom: -15px !important;padding-bottom: 0px !important;}&#8221;][vc_text_separator title=&#8221;Quadruplex &#8221; color=&#8221;custom&#8221; border_width=&#8221;2&#8243; accent_color=&#8221;#333333&#8243; el_class=&#8221;titre-maison&#8221;][vc_column_text]<a href=\"https:\/\/maisonenergeco.com\/wp-content\/uploads\/2018\/03\/quadruplex.jpg\" rel=\"quadruplex\"><img loading=\"lazy\" decoding=\"async\" class=\"aligncenter wp-image-542 size-full\" src=\"https:\/\/maisonenergeco.com\/wp-content\/uploads\/2018\/04\/see-more-bouton.jpg\" alt=\"\" width=\"427\" height=\"49\" \/><\/a>[\/vc_column_text][\/vc_column_inner][vc_column_inner width=&#8221;1\/2&#8243;][\/vc_column_inner][\/vc_row_inner][vc_row_inner el_class=&#8221;display-none&#8221;][vc_column_inner][vc_column_text]<\/p>\n<h4>duplex<\/h4>\n<h4>triplex<\/h4>\n<h4><a href=\"https:\/\/maisonenergeco.com\/wp-content\/uploads\/2018\/04\/realisation-12.jpg\" rel=\"triplex\"><img loading=\"lazy\" decoding=\"async\" class=\"alignnone wp-image-677 size-thumbnail\" src=\"https:\/\/maisonenergeco.com\/wp-content\/uploads\/2018\/04\/realisation-12-150x150.jpg\" alt=\"\" width=\"150\" height=\"150\" srcset=\"https:\/\/maisonenergeco.com\/wp-content\/uploads\/2018\/04\/realisation-12-150x150.jpg 150w, https:\/\/maisonenergeco.com\/wp-content\/uploads\/2018\/04\/realisation-12-85x85.jpg 85w, https:\/\/maisonenergeco.com\/wp-content\/uploads\/2018\/04\/realisation-12-80x80.jpg 80w\" sizes=\"auto, (max-width:767px) 150px, 150px\" \/><\/a>\u00a0<a href=\"https:\/\/maisonenergeco.com\/wp-content\/uploads\/2018\/04\/realisation-11.jpg\" rel=\"triplex\"><img loading=\"lazy\" decoding=\"async\" class=\"alignnone wp-image-675 size-thumbnail\" src=\"https:\/\/maisonenergeco.com\/wp-content\/uploads\/2018\/04\/realisation-11-150x150.jpg\" alt=\"\" width=\"150\" height=\"150\" srcset=\"https:\/\/maisonenergeco.com\/wp-content\/uploads\/2018\/04\/realisation-11-150x150.jpg 150w, https:\/\/maisonenergeco.com\/wp-content\/uploads\/2018\/04\/realisation-11-85x85.jpg 85w, https:\/\/maisonenergeco.com\/wp-content\/uploads\/2018\/04\/realisation-11-80x80.jpg 80w\" sizes=\"auto, (max-width:767px) 150px, 150px\" \/><\/a><\/h4>\n<h4>quadruplex<\/h4>\n<h4>sixplex<\/h4>\n<p>[\/vc_column_text][\/vc_column_inner][\/vc_row_inner][\/vc_column][vc_column width=&#8221;1\/4&#8243;][vc_widget_sidebar sidebar_id=&#8221;mfn-search&#8221; el_class=&#8221;sidebar-maison&#8221;][\/vc_column][\/vc_row]<\/p>\n<\/div>","protected":false},"excerpt":{"rendered":"<p>[vc_row full_width=&#8221;stretch_row&#8221; content_placement=&#8221;top&#8221; css=&#8221;.vc_custom_1521232225513{margin-bottom: 0px !important;padding-top: 35px !important;padding-bottom: 0px !important;background-image: url(https:\/\/maisonenergeco.com\/wp-content\/uploads\/2018\/03\/fond-gris.jpg?id=340) !important;}&#8221;][vc_column width=&#8221;1\/2&#8243;][vc_text_separator title=&#8221;Modular homes&#8221; title_align=&#8221;separator_align_left&#8221; align=&#8221;align_left&#8221; color=&#8221;custom&#8221; border_width=&#8221;2&#8243; el_width=&#8221;70&#8243; accent_color=&#8221;#9dad20&#8243; css=&#8221;.vc_custom_1523393891116{padding-top: 20px !important;}&#8221;][vc_column_text] OUR MODULAR<span class=\"excerpt-hellip\"> [\u2026]<\/span><\/p>\n","protected":false},"author":1,"featured_media":0,"parent":802,"menu_order":0,"comment_status":"closed","ping_status":"closed","template":"","meta":{"footnotes":""},"class_list":["post-825","page","type-page","status-publish","hentry"],"yoast_head":"<!-- This site is optimized with the Yoast SEO plugin v26.4 - https:\/\/yoast.com\/wordpress\/plugins\/seo\/ -->\n<title>Modular multi-unit | Home model | Energeco concept<\/title>\n<meta name=\"description\" content=\"\u00c9NERG\u00c9CO Concept has redesigned all of its construction processes to adapte their modular multi-unit homes to specific needs and budgets. Contact us for more information about our prefab modular home.\" \/>\n<meta name=\"robots\" content=\"index, follow, max-snippet:-1, max-image-preview:large, max-video-preview:-1\" \/>\n<link rel=\"canonical\" href=\"https:\/\/maisonenergeco.com\/en\/model-prefab-home-factory\/modular-multi-unit\/\" \/>\n<meta property=\"og:locale\" content=\"en_US\" \/>\n<meta property=\"og:type\" content=\"article\" \/>\n<meta property=\"og:title\" content=\"Modular multi-unit | Home model | Energeco concept\" \/>\n<meta property=\"og:description\" content=\"\u00c9NERG\u00c9CO Concept has redesigned all of its construction processes to adapte their modular multi-unit homes to specific needs and budgets. Contact us for more information about our prefab modular home.\" \/>\n<meta property=\"og:url\" content=\"https:\/\/maisonenergeco.com\/en\/model-prefab-home-factory\/modular-multi-unit\/\" \/>\n<meta property=\"og:site_name\" content=\"Maison \u00c9nerg\u00e9co\" \/>\n<meta property=\"article:modified_time\" content=\"2018-04-12T15:49:03+00:00\" \/>\n<meta property=\"og:image\" content=\"https:\/\/maisonenergeco.com\/wp-content\/uploads\/2018\/04\/see-more-bouton.jpg\" \/>\n<meta name=\"twitter:card\" content=\"summary_large_image\" \/>\n<meta name=\"twitter:label1\" content=\"Est. reading time\" \/>\n\t<meta name=\"twitter:data1\" content=\"2 minutes\" \/>\n<script type=\"application\/ld+json\" class=\"yoast-schema-graph\">{\"@context\":\"https:\/\/schema.org\",\"@graph\":[{\"@type\":\"WebPage\",\"@id\":\"https:\/\/maisonenergeco.com\/en\/model-prefab-home-factory\/modular-multi-unit\/\",\"url\":\"https:\/\/maisonenergeco.com\/en\/model-prefab-home-factory\/modular-multi-unit\/\",\"name\":\"Modular multi-unit | Home model | Energeco concept\",\"isPartOf\":{\"@id\":\"https:\/\/maisonenergeco.com\/#website\"},\"primaryImageOfPage\":{\"@id\":\"https:\/\/maisonenergeco.com\/en\/model-prefab-home-factory\/modular-multi-unit\/#primaryimage\"},\"image\":{\"@id\":\"https:\/\/maisonenergeco.com\/en\/model-prefab-home-factory\/modular-multi-unit\/#primaryimage\"},\"thumbnailUrl\":\"https:\/\/maisonenergeco.com\/wp-content\/uploads\/2018\/04\/see-more-bouton.jpg\",\"datePublished\":\"2018-03-13T16:03:33+00:00\",\"dateModified\":\"2018-04-12T15:49:03+00:00\",\"description\":\"\u00c9NERG\u00c9CO Concept has redesigned all of its construction processes to adapte their modular multi-unit homes to specific needs and budgets. Contact us for more information about our prefab modular home.\",\"breadcrumb\":{\"@id\":\"https:\/\/maisonenergeco.com\/en\/model-prefab-home-factory\/modular-multi-unit\/#breadcrumb\"},\"inLanguage\":\"en-US\",\"potentialAction\":[{\"@type\":\"ReadAction\",\"target\":[\"https:\/\/maisonenergeco.com\/en\/model-prefab-home-factory\/modular-multi-unit\/\"]}]},{\"@type\":\"ImageObject\",\"inLanguage\":\"en-US\",\"@id\":\"https:\/\/maisonenergeco.com\/en\/model-prefab-home-factory\/modular-multi-unit\/#primaryimage\",\"url\":\"https:\/\/maisonenergeco.com\/wp-content\/uploads\/2018\/04\/see-more-bouton.jpg\",\"contentUrl\":\"https:\/\/maisonenergeco.com\/wp-content\/uploads\/2018\/04\/see-more-bouton.jpg\"},{\"@type\":\"BreadcrumbList\",\"@id\":\"https:\/\/maisonenergeco.com\/en\/model-prefab-home-factory\/modular-multi-unit\/#breadcrumb\",\"itemListElement\":[{\"@type\":\"ListItem\",\"position\":1,\"name\":\"Accueil\",\"item\":\"https:\/\/maisonenergeco.com\/en\/\"},{\"@type\":\"ListItem\",\"position\":2,\"name\":\"Models\",\"item\":\"https:\/\/maisonenergeco.com\/en\/model-prefab-home-factory\/\"},{\"@type\":\"ListItem\",\"position\":3,\"name\":\"Multi-unit\"}]},{\"@type\":\"WebSite\",\"@id\":\"https:\/\/maisonenergeco.com\/#website\",\"url\":\"https:\/\/maisonenergeco.com\/\",\"name\":\"Maison \u00c9nerg\u00e9co\",\"description\":\"Maison modulaire et solaire pr\u00e9fabriqu\u00e9e\",\"potentialAction\":[{\"@type\":\"SearchAction\",\"target\":{\"@type\":\"EntryPoint\",\"urlTemplate\":\"https:\/\/maisonenergeco.com\/?s={search_term_string}\"},\"query-input\":{\"@type\":\"PropertyValueSpecification\",\"valueRequired\":true,\"valueName\":\"search_term_string\"}}],\"inLanguage\":\"en-US\"}]}<\/script>\n<!-- \/ Yoast SEO plugin. -->","yoast_head_json":{"title":"Modular multi-unit | Home model | Energeco concept","description":"\u00c9NERG\u00c9CO Concept has redesigned all of its construction processes to adapte their modular multi-unit homes to specific needs and budgets. Contact us for more information about our prefab modular home.","robots":{"index":"index","follow":"follow","max-snippet":"max-snippet:-1","max-image-preview":"max-image-preview:large","max-video-preview":"max-video-preview:-1"},"canonical":"https:\/\/maisonenergeco.com\/en\/model-prefab-home-factory\/modular-multi-unit\/","og_locale":"en_US","og_type":"article","og_title":"Modular multi-unit | Home model | Energeco concept","og_description":"\u00c9NERG\u00c9CO Concept has redesigned all of its construction processes to adapte their modular multi-unit homes to specific needs and budgets. Contact us for more information about our prefab modular home.","og_url":"https:\/\/maisonenergeco.com\/en\/model-prefab-home-factory\/modular-multi-unit\/","og_site_name":"Maison \u00c9nerg\u00e9co","article_modified_time":"2018-04-12T15:49:03+00:00","og_image":[{"url":"https:\/\/maisonenergeco.com\/wp-content\/uploads\/2018\/04\/see-more-bouton.jpg","type":"","width":"","height":""}],"twitter_card":"summary_large_image","twitter_misc":{"Est. reading time":"2 minutes"},"schema":{"@context":"https:\/\/schema.org","@graph":[{"@type":"WebPage","@id":"https:\/\/maisonenergeco.com\/en\/model-prefab-home-factory\/modular-multi-unit\/","url":"https:\/\/maisonenergeco.com\/en\/model-prefab-home-factory\/modular-multi-unit\/","name":"Modular multi-unit | Home model | Energeco concept","isPartOf":{"@id":"https:\/\/maisonenergeco.com\/#website"},"primaryImageOfPage":{"@id":"https:\/\/maisonenergeco.com\/en\/model-prefab-home-factory\/modular-multi-unit\/#primaryimage"},"image":{"@id":"https:\/\/maisonenergeco.com\/en\/model-prefab-home-factory\/modular-multi-unit\/#primaryimage"},"thumbnailUrl":"https:\/\/maisonenergeco.com\/wp-content\/uploads\/2018\/04\/see-more-bouton.jpg","datePublished":"2018-03-13T16:03:33+00:00","dateModified":"2018-04-12T15:49:03+00:00","description":"\u00c9NERG\u00c9CO Concept has redesigned all of its construction processes to adapte their modular multi-unit homes to specific needs and budgets. Contact us for more information about our prefab modular home.","breadcrumb":{"@id":"https:\/\/maisonenergeco.com\/en\/model-prefab-home-factory\/modular-multi-unit\/#breadcrumb"},"inLanguage":"en-US","potentialAction":[{"@type":"ReadAction","target":["https:\/\/maisonenergeco.com\/en\/model-prefab-home-factory\/modular-multi-unit\/"]}]},{"@type":"ImageObject","inLanguage":"en-US","@id":"https:\/\/maisonenergeco.com\/en\/model-prefab-home-factory\/modular-multi-unit\/#primaryimage","url":"https:\/\/maisonenergeco.com\/wp-content\/uploads\/2018\/04\/see-more-bouton.jpg","contentUrl":"https:\/\/maisonenergeco.com\/wp-content\/uploads\/2018\/04\/see-more-bouton.jpg"},{"@type":"BreadcrumbList","@id":"https:\/\/maisonenergeco.com\/en\/model-prefab-home-factory\/modular-multi-unit\/#breadcrumb","itemListElement":[{"@type":"ListItem","position":1,"name":"Accueil","item":"https:\/\/maisonenergeco.com\/en\/"},{"@type":"ListItem","position":2,"name":"Models","item":"https:\/\/maisonenergeco.com\/en\/model-prefab-home-factory\/"},{"@type":"ListItem","position":3,"name":"Multi-unit"}]},{"@type":"WebSite","@id":"https:\/\/maisonenergeco.com\/#website","url":"https:\/\/maisonenergeco.com\/","name":"Maison \u00c9nerg\u00e9co","description":"Maison modulaire et solaire pr\u00e9fabriqu\u00e9e","potentialAction":[{"@type":"SearchAction","target":{"@type":"EntryPoint","urlTemplate":"https:\/\/maisonenergeco.com\/?s={search_term_string}"},"query-input":{"@type":"PropertyValueSpecification","valueRequired":true,"valueName":"search_term_string"}}],"inLanguage":"en-US"}]}},"_links":{"self":[{"href":"https:\/\/maisonenergeco.com\/en\/wp-json\/wp\/v2\/pages\/825","targetHints":{"allow":["GET"]}}],"collection":[{"href":"https:\/\/maisonenergeco.com\/en\/wp-json\/wp\/v2\/pages"}],"about":[{"href":"https:\/\/maisonenergeco.com\/en\/wp-json\/wp\/v2\/types\/page"}],"author":[{"embeddable":true,"href":"https:\/\/maisonenergeco.com\/en\/wp-json\/wp\/v2\/users\/1"}],"replies":[{"embeddable":true,"href":"https:\/\/maisonenergeco.com\/en\/wp-json\/wp\/v2\/comments?post=825"}],"version-history":[{"count":5,"href":"https:\/\/maisonenergeco.com\/en\/wp-json\/wp\/v2\/pages\/825\/revisions"}],"predecessor-version":[{"id":904,"href":"https:\/\/maisonenergeco.com\/en\/wp-json\/wp\/v2\/pages\/825\/revisions\/904"}],"up":[{"embeddable":true,"href":"https:\/\/maisonenergeco.com\/en\/wp-json\/wp\/v2\/pages\/802"}],"wp:attachment":[{"href":"https:\/\/maisonenergeco.com\/en\/wp-json\/wp\/v2\/media?parent=825"}],"curies":[{"name":"wp","href":"https:\/\/api.w.org\/{rel}","templated":true}]}}