{"id":821,"date":"2018-03-13T12:02:36","date_gmt":"2018-03-13T16:02:36","guid":{"rendered":"https:\/\/dev.maisonenergeco.com\/model-prefab-home-factory\/maison-modulaire-etage\/"},"modified":"2018-04-10T16:51:41","modified_gmt":"2018-04-10T20:51:41","slug":"modular-multi-level-home","status":"publish","type":"page","link":"https:\/\/maisonenergeco.com\/en\/model-prefab-home-factory\/modular-multi-level-home\/","title":{"rendered":"Multi-level homes"},"content":{"rendered":"<div class=\"wpb-content-wrapper\"><p>[vc_row full_width=&#8221;stretch_row&#8221; css=&#8221;.vc_custom_1521210446648{margin-bottom: 0px !important;padding-top: 35px !important;padding-bottom: 0px !important;background-image: url(https:\/\/maisonenergeco.com\/wp-content\/uploads\/2018\/03\/fond-gris.jpg?id=340) !important;}&#8221;][vc_column width=&#8221;1\/2&#8243;][vc_text_separator title=&#8221;Modular homes&#8221; title_align=&#8221;separator_align_left&#8221; align=&#8221;align_left&#8221; color=&#8221;custom&#8221; border_width=&#8221;2&#8243; el_width=&#8221;70&#8243; accent_color=&#8221;#9dad20&#8243; css=&#8221;.vc_custom_1523393170942{padding-top: 20px !important;}&#8221;][vc_column_text]<\/p>\n<h1>OUR MULTI-LEVEL<br \/>\nHOME MODELS<\/h1>\n<p>[\/vc_column_text][\/vc_column][vc_column width=&#8221;1\/2&#8243; css=&#8221;.vc_custom_1521050235681{margin-bottom: 0px !important;padding-right: 0px !important;padding-bottom: 0px !important;padding-left: 0px !important;}&#8221;][vc_single_image image=&#8221;614&#8243; img_size=&#8221;full&#8221; css=&#8221;.vc_custom_1523371505810{margin-top: -50px !important;margin-right: 0px !important;margin-bottom: 0px !important;margin-left: 0px !important;padding-right: 0px !important;padding-bottom: 0px !important;padding-left: 0px !important;}&#8221;][\/vc_column][\/vc_row][vc_row][vc_column width=&#8221;3\/4&#8243;][vc_column_text]Find out more about our strong and extremely solid, modular, multi-level homes.[\/vc_column_text][vc_row_inner][vc_column_inner width=&#8221;1\/2&#8243;][vc_single_image image=&#8221;473&#8243; img_size=&#8221;full&#8221; style=&#8221;vc_box_shadow&#8221; css=&#8221;.vc_custom_1522098593158{margin-bottom: -15px !important;padding-bottom: 0px !important;}&#8221;][vc_text_separator title=&#8221;\u00c9volution &#8221; color=&#8221;custom&#8221; border_width=&#8221;2&#8243; accent_color=&#8221;#333333&#8243; el_class=&#8221;titre-maison&#8221;][vc_column_text css=&#8221;.vc_custom_1523393327064{margin-top: -7px !important;}&#8221;]<a href=\"https:\/\/maisonenergeco.com\/wp-content\/uploads\/2018\/03\/evolution.jpg\" rel=\"evolution\"><img loading=\"lazy\" decoding=\"async\" class=\"aligncenter wp-image-541 size-full\" src=\"https:\/\/maisonenergeco.com\/wp-content\/uploads\/2018\/04\/see-more-bouton.jpg\" alt=\"\" width=\"427\" height=\"49\" \/><\/a>[\/vc_column_text][\/vc_column_inner][vc_column_inner width=&#8221;1\/2&#8243;][vc_single_image image=&#8221;557&#8243; img_size=&#8221;full&#8221; style=&#8221;vc_box_shadow&#8221; css=&#8221;.vc_custom_1522932949442{margin-bottom: -15px !important;padding-bottom: 0px !important;}&#8221;][vc_text_separator title=&#8221;Espace &#8221; color=&#8221;custom&#8221; border_width=&#8221;2&#8243; accent_color=&#8221;#333333&#8243; el_class=&#8221;titre-maison&#8221;][vc_column_text css=&#8221;.vc_custom_1523393348968{margin-top: -7px !important;}&#8221;]<a href=\"https:\/\/maisonenergeco.com\/wp-content\/uploads\/2018\/03\/espace_plan.jpg\" rel=\"espace\"><img loading=\"lazy\" decoding=\"async\" class=\"aligncenter wp-image-541 size-full\" src=\"https:\/\/maisonenergeco.com\/wp-content\/uploads\/2018\/04\/see-more-bouton.jpg\" alt=\"\" width=\"427\" height=\"49\" \/><\/a>[\/vc_column_text][\/vc_column_inner][\/vc_row_inner][vc_row_inner][vc_column_inner width=&#8221;1\/2&#8243;][vc_single_image image=&#8221;475&#8243; img_size=&#8221;full&#8221; style=&#8221;vc_box_shadow&#8221; css=&#8221;.vc_custom_1522098826904{margin-bottom: -15px !important;padding-bottom: 0px !important;}&#8221;][vc_text_separator title=&#8221;Canop\u00e9e &#8221; color=&#8221;custom&#8221; border_width=&#8221;2&#8243; accent_color=&#8221;#333333&#8243; el_class=&#8221;titre-maison&#8221;][vc_column_text css=&#8221;.vc_custom_1523393361560{margin-top: -7px !important;}&#8221;]<a href=\"https:\/\/maisonenergeco.com\/wp-content\/uploads\/2018\/03\/canopee_fiche.jpg\" rel=\"canopee\"><img loading=\"lazy\" decoding=\"async\" class=\"aligncenter wp-image-541 size-full\" src=\"https:\/\/maisonenergeco.com\/wp-content\/uploads\/2018\/04\/see-more-bouton.jpg\" alt=\"\" width=\"427\" height=\"49\" \/><\/a>[\/vc_column_text][\/vc_column_inner][vc_column_inner width=&#8221;1\/2&#8243;][vc_single_image image=&#8221;559&#8243; img_size=&#8221;full&#8221; style=&#8221;vc_box_shadow&#8221; css=&#8221;.vc_custom_1522932979254{margin-bottom: -15px !important;padding-bottom: 0px !important;}&#8221;][vc_text_separator title=&#8221;M\u00e9lodie &#8221; color=&#8221;custom&#8221; border_width=&#8221;2&#8243; accent_color=&#8221;#333333&#8243; el_class=&#8221;titre-maison&#8221;][vc_column_text css=&#8221;.vc_custom_1523393373536{margin-top: -7px !important;}&#8221;]<a href=\"https:\/\/maisonenergeco.com\/wp-content\/uploads\/2018\/03\/melodie_fiche.jpg\" rel=\"melodie\"><img loading=\"lazy\" decoding=\"async\" class=\"aligncenter wp-image-541 size-full\" src=\"https:\/\/maisonenergeco.com\/wp-content\/uploads\/2018\/04\/see-more-bouton.jpg\" alt=\"\" width=\"427\" height=\"49\" \/><\/a>[\/vc_column_text][\/vc_column_inner][\/vc_row_inner][vc_row_inner][vc_column_inner width=&#8221;1\/2&#8243;][vc_single_image image=&#8221;561&#8243; img_size=&#8221;full&#8221; style=&#8221;vc_box_shadow&#8221; css=&#8221;.vc_custom_1522933007424{margin-bottom: -15px !important;padding-bottom: 0px !important;}&#8221;][vc_text_separator title=&#8221;Horizon &#8221; color=&#8221;custom&#8221; border_width=&#8221;2&#8243; accent_color=&#8221;#333333&#8243; el_class=&#8221;titre-maison&#8221;][vc_column_text css=&#8221;.vc_custom_1523393385634{margin-top: -7px !important;}&#8221;]<a href=\"https:\/\/maisonenergeco.com\/wp-content\/uploads\/2018\/03\/horizon_fiche.jpg\" rel=\"horizon\"><img loading=\"lazy\" decoding=\"async\" class=\"aligncenter wp-image-541 size-full\" src=\"https:\/\/maisonenergeco.com\/wp-content\/uploads\/2018\/04\/see-more-bouton.jpg\" alt=\"\" width=\"427\" height=\"49\" \/><\/a>[\/vc_column_text][\/vc_column_inner][vc_column_inner width=&#8221;1\/2&#8243;][vc_single_image image=&#8221;608&#8243; img_size=&#8221;full&#8221; style=&#8221;vc_box_shadow&#8221; css=&#8221;.vc_custom_1523370937200{margin-bottom: -15px !important;padding-bottom: 0px !important;}&#8221;][vc_text_separator title=&#8221;Odys\u00e9e &#8221; color=&#8221;custom&#8221; border_width=&#8221;2&#8243; accent_color=&#8221;#333333&#8243; el_class=&#8221;titre-maison&#8221;][vc_column_text css=&#8221;.vc_custom_1523393398178{margin-top: -7px !important;}&#8221;]<a href=\"https:\/\/maisonenergeco.com\/wp-content\/uploads\/2018\/04\/odysee.jpg\" rel=\"odysee\"><img loading=\"lazy\" decoding=\"async\" class=\"aligncenter wp-image-541 size-full\" src=\"https:\/\/maisonenergeco.com\/wp-content\/uploads\/2018\/04\/see-more-bouton.jpg\" alt=\"\" width=\"427\" height=\"49\" \/><\/a>[\/vc_column_text][\/vc_column_inner][\/vc_row_inner][vc_row_inner][vc_column_inner width=&#8221;1\/2&#8243;][vc_single_image image=&#8221;563&#8243; img_size=&#8221;full&#8221; style=&#8221;vc_box_shadow&#8221; css=&#8221;.vc_custom_1522933033688{margin-bottom: -15px !important;padding-bottom: 0px !important;}&#8221;][vc_text_separator title=&#8221;\u00c9vasion nature &#8221; color=&#8221;custom&#8221; border_width=&#8221;2&#8243; accent_color=&#8221;#333333&#8243; el_class=&#8221;titre-maison&#8221;][vc_column_text css=&#8221;.vc_custom_1523393414112{margin-top: -7px !important;}&#8221;]<a href=\"https:\/\/maisonenergeco.com\/wp-content\/uploads\/2018\/03\/evasionNature_fiche.jpg\" rel=\"evasion-nature\"><img loading=\"lazy\" decoding=\"async\" class=\"aligncenter wp-image-541 size-full\" src=\"https:\/\/maisonenergeco.com\/wp-content\/uploads\/2018\/04\/see-more-bouton.jpg\" alt=\"\" width=\"427\" height=\"49\" \/><\/a>[\/vc_column_text][\/vc_column_inner][vc_column_inner width=&#8221;1\/2&#8243;][vc_single_image image=&#8221;565&#8243; img_size=&#8221;full&#8221; style=&#8221;vc_box_shadow&#8221; css=&#8221;.vc_custom_1522933064730{margin-bottom: -15px !important;padding-bottom: 0px !important;}&#8221;][vc_text_separator title=&#8221;L\u2019\u00e9toile &#8221; color=&#8221;custom&#8221; border_width=&#8221;2&#8243; accent_color=&#8221;#333333&#8243; el_class=&#8221;titre-maison&#8221;][vc_column_text css=&#8221;.vc_custom_1523393427206{margin-top: -7px !important;}&#8221;]<a href=\"https:\/\/maisonenergeco.com\/wp-content\/uploads\/2018\/04\/etoile.jpg\" rel=\"etoile\"><img loading=\"lazy\" decoding=\"async\" class=\"aligncenter wp-image-541 size-full\" src=\"https:\/\/maisonenergeco.com\/wp-content\/uploads\/2018\/04\/see-more-bouton.jpg\" alt=\"\" width=\"427\" height=\"49\" \/><\/a>[\/vc_column_text][\/vc_column_inner][\/vc_row_inner][vc_row_inner][vc_column_inner width=&#8221;1\/2&#8243;][vc_single_image image=&#8221;617&#8243; img_size=&#8221;full&#8221; style=&#8221;vc_box_shadow&#8221; css=&#8221;.vc_custom_1523371711520{margin-bottom: -15px !important;padding-bottom: 0px !important;}&#8221;][vc_text_separator title=&#8221;Symphonie&#8221; color=&#8221;custom&#8221; border_width=&#8221;2&#8243; accent_color=&#8221;#333333&#8243; el_class=&#8221;titre-maison&#8221;][vc_column_text css=&#8221;.vc_custom_1523393439904{margin-top: -7px !important;}&#8221;]<a href=\"https:\/\/maisonenergeco.com\/wp-content\/uploads\/2018\/04\/symphonie.jpg\" rel=\"symphonie\"><img loading=\"lazy\" decoding=\"async\" class=\"aligncenter wp-image-541 size-full\" src=\"https:\/\/maisonenergeco.com\/wp-content\/uploads\/2018\/04\/see-more-bouton.jpg\" alt=\"\" width=\"427\" height=\"49\" \/><\/a>[\/vc_column_text][\/vc_column_inner][vc_column_inner width=&#8221;1\/2&#8243;][\/vc_column_inner][\/vc_row_inner][vc_row_inner el_class=&#8221;display-none&#8221;][vc_column_inner][vc_column_text]<\/p>\n<h4>evolution<\/h4>\n<h4>espace<\/h4>\n<h4>canopee<\/h4>\n<h4>melodie<\/h4>\n<h4>horizon<\/h4>\n<h4>odysee<\/h4>\n<h4>evasion-nature<\/h4>\n<h4>etoile<\/h4>\n<p><strong>symphonie<\/strong>[\/vc_column_text][\/vc_column_inner][\/vc_row_inner][\/vc_column][vc_column width=&#8221;1\/4&#8243;][vc_widget_sidebar sidebar_id=&#8221;mfn-search&#8221; el_class=&#8221;sidebar-maison&#8221;][\/vc_column][\/vc_row]<\/p>\n<\/div>","protected":false},"excerpt":{"rendered":"<p>[vc_row full_width=&#8221;stretch_row&#8221; css=&#8221;.vc_custom_1521210446648{margin-bottom: 0px !important;padding-top: 35px !important;padding-bottom: 0px !important;background-image: url(https:\/\/maisonenergeco.com\/wp-content\/uploads\/2018\/03\/fond-gris.jpg?id=340) !important;}&#8221;][vc_column width=&#8221;1\/2&#8243;][vc_text_separator title=&#8221;Modular homes&#8221; title_align=&#8221;separator_align_left&#8221; align=&#8221;align_left&#8221; color=&#8221;custom&#8221; border_width=&#8221;2&#8243; el_width=&#8221;70&#8243; accent_color=&#8221;#9dad20&#8243; css=&#8221;.vc_custom_1523393170942{padding-top: 20px !important;}&#8221;][vc_column_text] OUR MULTI-LEVEL HOME<span class=\"excerpt-hellip\"> [\u2026]<\/span><\/p>\n","protected":false},"author":1,"featured_media":0,"parent":802,"menu_order":0,"comment_status":"closed","ping_status":"closed","template":"","meta":{"footnotes":""},"class_list":["post-821","page","type-page","status-publish","hentry"],"yoast_head":"<!-- This site is optimized with the Yoast SEO plugin v26.4 - https:\/\/yoast.com\/wordpress\/plugins\/seo\/ -->\n<title>Multi-level home | Home model | Energeco concept<\/title>\n<meta name=\"description\" content=\"\u00c9NERG\u00c9CO Concept has redesigned all of its construction processes to produce strong and extremely solid, modular, multi-level homes. Contact us for more information about our prefab modular home.\" \/>\n<meta name=\"robots\" content=\"index, follow, max-snippet:-1, max-image-preview:large, max-video-preview:-1\" \/>\n<link rel=\"canonical\" href=\"https:\/\/maisonenergeco.com\/en\/model-prefab-home-factory\/modular-multi-level-home\/\" \/>\n<meta property=\"og:locale\" content=\"en_US\" \/>\n<meta property=\"og:type\" content=\"article\" \/>\n<meta property=\"og:title\" content=\"Multi-level home | Home model | Energeco concept\" \/>\n<meta property=\"og:description\" content=\"\u00c9NERG\u00c9CO Concept has redesigned all of its construction processes to produce strong and extremely solid, modular, multi-level homes. Contact us for more information about our prefab modular home.\" \/>\n<meta property=\"og:url\" content=\"https:\/\/maisonenergeco.com\/en\/model-prefab-home-factory\/modular-multi-level-home\/\" \/>\n<meta property=\"og:site_name\" content=\"Maison \u00c9nerg\u00e9co\" \/>\n<meta property=\"article:modified_time\" content=\"2018-04-10T20:51:41+00:00\" \/>\n<meta property=\"og:image\" content=\"https:\/\/maisonenergeco.com\/wp-content\/uploads\/2018\/04\/see-more-bouton.jpg\" \/>\n<meta name=\"twitter:card\" content=\"summary_large_image\" \/>\n<meta name=\"twitter:label1\" content=\"Est. reading time\" \/>\n\t<meta name=\"twitter:data1\" content=\"4 minutes\" \/>\n<script type=\"application\/ld+json\" class=\"yoast-schema-graph\">{\"@context\":\"https:\/\/schema.org\",\"@graph\":[{\"@type\":\"WebPage\",\"@id\":\"https:\/\/maisonenergeco.com\/en\/model-prefab-home-factory\/modular-multi-level-home\/\",\"url\":\"https:\/\/maisonenergeco.com\/en\/model-prefab-home-factory\/modular-multi-level-home\/\",\"name\":\"Multi-level home | Home model | Energeco concept\",\"isPartOf\":{\"@id\":\"https:\/\/maisonenergeco.com\/#website\"},\"primaryImageOfPage\":{\"@id\":\"https:\/\/maisonenergeco.com\/en\/model-prefab-home-factory\/modular-multi-level-home\/#primaryimage\"},\"image\":{\"@id\":\"https:\/\/maisonenergeco.com\/en\/model-prefab-home-factory\/modular-multi-level-home\/#primaryimage\"},\"thumbnailUrl\":\"https:\/\/maisonenergeco.com\/wp-content\/uploads\/2018\/04\/see-more-bouton.jpg\",\"datePublished\":\"2018-03-13T16:02:36+00:00\",\"dateModified\":\"2018-04-10T20:51:41+00:00\",\"description\":\"\u00c9NERG\u00c9CO Concept has redesigned all of its construction processes to produce strong and extremely solid, modular, multi-level homes. Contact us for more information about our prefab modular home.\",\"breadcrumb\":{\"@id\":\"https:\/\/maisonenergeco.com\/en\/model-prefab-home-factory\/modular-multi-level-home\/#breadcrumb\"},\"inLanguage\":\"en-US\",\"potentialAction\":[{\"@type\":\"ReadAction\",\"target\":[\"https:\/\/maisonenergeco.com\/en\/model-prefab-home-factory\/modular-multi-level-home\/\"]}]},{\"@type\":\"ImageObject\",\"inLanguage\":\"en-US\",\"@id\":\"https:\/\/maisonenergeco.com\/en\/model-prefab-home-factory\/modular-multi-level-home\/#primaryimage\",\"url\":\"https:\/\/maisonenergeco.com\/wp-content\/uploads\/2018\/04\/see-more-bouton.jpg\",\"contentUrl\":\"https:\/\/maisonenergeco.com\/wp-content\/uploads\/2018\/04\/see-more-bouton.jpg\"},{\"@type\":\"BreadcrumbList\",\"@id\":\"https:\/\/maisonenergeco.com\/en\/model-prefab-home-factory\/modular-multi-level-home\/#breadcrumb\",\"itemListElement\":[{\"@type\":\"ListItem\",\"position\":1,\"name\":\"Accueil\",\"item\":\"https:\/\/maisonenergeco.com\/en\/\"},{\"@type\":\"ListItem\",\"position\":2,\"name\":\"Models\",\"item\":\"https:\/\/maisonenergeco.com\/en\/model-prefab-home-factory\/\"},{\"@type\":\"ListItem\",\"position\":3,\"name\":\"Multi-level homes\"}]},{\"@type\":\"WebSite\",\"@id\":\"https:\/\/maisonenergeco.com\/#website\",\"url\":\"https:\/\/maisonenergeco.com\/\",\"name\":\"Maison \u00c9nerg\u00e9co\",\"description\":\"Maison modulaire et solaire pr\u00e9fabriqu\u00e9e\",\"potentialAction\":[{\"@type\":\"SearchAction\",\"target\":{\"@type\":\"EntryPoint\",\"urlTemplate\":\"https:\/\/maisonenergeco.com\/?s={search_term_string}\"},\"query-input\":{\"@type\":\"PropertyValueSpecification\",\"valueRequired\":true,\"valueName\":\"search_term_string\"}}],\"inLanguage\":\"en-US\"}]}<\/script>\n<!-- \/ Yoast SEO plugin. -->","yoast_head_json":{"title":"Multi-level home | Home model | Energeco concept","description":"\u00c9NERG\u00c9CO Concept has redesigned all of its construction processes to produce strong and extremely solid, modular, multi-level homes. Contact us for more information about our prefab modular home.","robots":{"index":"index","follow":"follow","max-snippet":"max-snippet:-1","max-image-preview":"max-image-preview:large","max-video-preview":"max-video-preview:-1"},"canonical":"https:\/\/maisonenergeco.com\/en\/model-prefab-home-factory\/modular-multi-level-home\/","og_locale":"en_US","og_type":"article","og_title":"Multi-level home | Home model | Energeco concept","og_description":"\u00c9NERG\u00c9CO Concept has redesigned all of its construction processes to produce strong and extremely solid, modular, multi-level homes. Contact us for more information about our prefab modular home.","og_url":"https:\/\/maisonenergeco.com\/en\/model-prefab-home-factory\/modular-multi-level-home\/","og_site_name":"Maison \u00c9nerg\u00e9co","article_modified_time":"2018-04-10T20:51:41+00:00","og_image":[{"url":"https:\/\/maisonenergeco.com\/wp-content\/uploads\/2018\/04\/see-more-bouton.jpg","type":"","width":"","height":""}],"twitter_card":"summary_large_image","twitter_misc":{"Est. reading time":"4 minutes"},"schema":{"@context":"https:\/\/schema.org","@graph":[{"@type":"WebPage","@id":"https:\/\/maisonenergeco.com\/en\/model-prefab-home-factory\/modular-multi-level-home\/","url":"https:\/\/maisonenergeco.com\/en\/model-prefab-home-factory\/modular-multi-level-home\/","name":"Multi-level home | Home model | Energeco concept","isPartOf":{"@id":"https:\/\/maisonenergeco.com\/#website"},"primaryImageOfPage":{"@id":"https:\/\/maisonenergeco.com\/en\/model-prefab-home-factory\/modular-multi-level-home\/#primaryimage"},"image":{"@id":"https:\/\/maisonenergeco.com\/en\/model-prefab-home-factory\/modular-multi-level-home\/#primaryimage"},"thumbnailUrl":"https:\/\/maisonenergeco.com\/wp-content\/uploads\/2018\/04\/see-more-bouton.jpg","datePublished":"2018-03-13T16:02:36+00:00","dateModified":"2018-04-10T20:51:41+00:00","description":"\u00c9NERG\u00c9CO Concept has redesigned all of its construction processes to produce strong and extremely solid, modular, multi-level homes. Contact us for more information about our prefab modular home.","breadcrumb":{"@id":"https:\/\/maisonenergeco.com\/en\/model-prefab-home-factory\/modular-multi-level-home\/#breadcrumb"},"inLanguage":"en-US","potentialAction":[{"@type":"ReadAction","target":["https:\/\/maisonenergeco.com\/en\/model-prefab-home-factory\/modular-multi-level-home\/"]}]},{"@type":"ImageObject","inLanguage":"en-US","@id":"https:\/\/maisonenergeco.com\/en\/model-prefab-home-factory\/modular-multi-level-home\/#primaryimage","url":"https:\/\/maisonenergeco.com\/wp-content\/uploads\/2018\/04\/see-more-bouton.jpg","contentUrl":"https:\/\/maisonenergeco.com\/wp-content\/uploads\/2018\/04\/see-more-bouton.jpg"},{"@type":"BreadcrumbList","@id":"https:\/\/maisonenergeco.com\/en\/model-prefab-home-factory\/modular-multi-level-home\/#breadcrumb","itemListElement":[{"@type":"ListItem","position":1,"name":"Accueil","item":"https:\/\/maisonenergeco.com\/en\/"},{"@type":"ListItem","position":2,"name":"Models","item":"https:\/\/maisonenergeco.com\/en\/model-prefab-home-factory\/"},{"@type":"ListItem","position":3,"name":"Multi-level homes"}]},{"@type":"WebSite","@id":"https:\/\/maisonenergeco.com\/#website","url":"https:\/\/maisonenergeco.com\/","name":"Maison \u00c9nerg\u00e9co","description":"Maison modulaire et solaire pr\u00e9fabriqu\u00e9e","potentialAction":[{"@type":"SearchAction","target":{"@type":"EntryPoint","urlTemplate":"https:\/\/maisonenergeco.com\/?s={search_term_string}"},"query-input":{"@type":"PropertyValueSpecification","valueRequired":true,"valueName":"search_term_string"}}],"inLanguage":"en-US"}]}},"_links":{"self":[{"href":"https:\/\/maisonenergeco.com\/en\/wp-json\/wp\/v2\/pages\/821","targetHints":{"allow":["GET"]}}],"collection":[{"href":"https:\/\/maisonenergeco.com\/en\/wp-json\/wp\/v2\/pages"}],"about":[{"href":"https:\/\/maisonenergeco.com\/en\/wp-json\/wp\/v2\/types\/page"}],"author":[{"embeddable":true,"href":"https:\/\/maisonenergeco.com\/en\/wp-json\/wp\/v2\/users\/1"}],"replies":[{"embeddable":true,"href":"https:\/\/maisonenergeco.com\/en\/wp-json\/wp\/v2\/comments?post=821"}],"version-history":[{"count":2,"href":"https:\/\/maisonenergeco.com\/en\/wp-json\/wp\/v2\/pages\/821\/revisions"}],"predecessor-version":[{"id":824,"href":"https:\/\/maisonenergeco.com\/en\/wp-json\/wp\/v2\/pages\/821\/revisions\/824"}],"up":[{"embeddable":true,"href":"https:\/\/maisonenergeco.com\/en\/wp-json\/wp\/v2\/pages\/802"}],"wp:attachment":[{"href":"https:\/\/maisonenergeco.com\/en\/wp-json\/wp\/v2\/media?parent=821"}],"curies":[{"name":"wp","href":"https:\/\/api.w.org\/{rel}","templated":true}]}}