{"id":805,"date":"2018-03-13T12:00:17","date_gmt":"2018-03-13T16:00:17","guid":{"rendered":"https:\/\/dev.maisonenergeco.com\/model-prefab-home-factory\/micro-maison\/"},"modified":"2018-04-10T16:35:27","modified_gmt":"2018-04-10T20:35:27","slug":"tiny-home","status":"publish","type":"page","link":"https:\/\/maisonenergeco.com\/en\/model-prefab-home-factory\/tiny-home\/","title":{"rendered":"Tiny homes"},"content":{"rendered":"<div class=\"wpb-content-wrapper\"><p>[vc_row full_width=&#8221;stretch_row&#8221; css=&#8221;.vc_custom_1521210446648{margin-bottom: 0px !important;padding-top: 35px !important;padding-bottom: 0px !important;background-image: url(https:\/\/maisonenergeco.com\/wp-content\/uploads\/2018\/03\/fond-gris.jpg?id=340) !important;}&#8221;][vc_column width=&#8221;1\/2&#8243;][vc_text_separator title=&#8221;Modular homes&#8221; title_align=&#8221;separator_align_left&#8221; align=&#8221;align_left&#8221; color=&#8221;custom&#8221; border_width=&#8221;2&#8243; el_width=&#8221;70&#8243; accent_color=&#8221;#9dad20&#8243; css=&#8221;.vc_custom_1523391186454{padding-top: 20px !important;}&#8221;][vc_column_text]<\/p>\n<h1>OUR TINY HOME<br \/>\nMODELS<\/h1>\n<p>[\/vc_column_text][\/vc_column][vc_column width=&#8221;1\/2&#8243; css=&#8221;.vc_custom_1521050235681{margin-bottom: 0px !important;padding-right: 0px !important;padding-bottom: 0px !important;padding-left: 0px !important;}&#8221;][vc_single_image image=&#8221;334&#8243; img_size=&#8221;full&#8221; css=&#8221;.vc_custom_1521210519052{margin-top: -50px !important;margin-right: 0px !important;margin-bottom: 0px !important;margin-left: 0px !important;padding-right: 0px !important;padding-bottom: 0px !important;padding-left: 0px !important;}&#8221;][\/vc_column][\/vc_row][vc_row][vc_column width=&#8221;3\/4&#8243;][vc_column_text]Consult the plans for our various tiny homes, which are all factory-built, sustainable modular homes.[\/vc_column_text][vc_row_inner][vc_column_inner width=&#8221;1\/2&#8243;][vc_single_image image=&#8221;346&#8243; img_size=&#8221;full&#8221; style=&#8221;vc_box_shadow&#8221; css=&#8221;.vc_custom_1521212113321{margin-bottom: -15px !important;padding-bottom: 0px !important;}&#8221;][vc_text_separator title=&#8221;Micro maison&#8221; color=&#8221;custom&#8221; border_width=&#8221;2&#8243; accent_color=&#8221;#333333&#8243; el_class=&#8221;titre-maison&#8221;][vc_column_text css=&#8221;.vc_custom_1523391960846{margin-top: -7px !important;}&#8221;]<a href=\" https:\/\/maisonenergeco.com\/wp-content\/uploads\/2018\/03\/micro-maison_fiche.jpg \" rel=\"micromaison1\"><img loading=\"lazy\" decoding=\"async\" class=\"aligncenter wp-image-541 size-full\" src=\"https:\/\/maisonenergeco.com\/wp-content\/uploads\/2018\/04\/see-more-bouton.jpg\" alt=\"\" width=\"427\" height=\"49\" \/><\/a>[\/vc_column_text][\/vc_column_inner][vc_column_inner width=&#8221;1\/2&#8243;][vc_single_image image=&#8221;458&#8243; img_size=&#8221;full&#8221; style=&#8221;vc_box_shadow&#8221; css=&#8221;.vc_custom_1522097611664{margin-bottom: -15px !important;padding-bottom: 0px !important;}&#8221;][vc_text_separator title=&#8221;Micro maison&#8221; color=&#8221;custom&#8221; border_width=&#8221;2&#8243; accent_color=&#8221;#333333&#8243; el_class=&#8221;titre-maison&#8221;][vc_column_text css=&#8221;.vc_custom_1523391973396{margin-top: -7px !important;}&#8221;]<a href=\"https:\/\/maisonenergeco.com\/wp-content\/uploads\/2018\/03\/micro-maison-1.jpg\" rel=\"micromaison2\"><img loading=\"lazy\" decoding=\"async\" class=\"aligncenter wp-image-541 size-full\" src=\"https:\/\/maisonenergeco.com\/wp-content\/uploads\/2018\/04\/see-more-bouton.jpg\" alt=\"\" width=\"427\" height=\"49\" \/><\/a>[\/vc_column_text][\/vc_column_inner][\/vc_row_inner][vc_row_inner el_id=&#8221;test2&#8243;][vc_column_inner width=&#8221;1\/2&#8243;][vc_single_image image=&#8221;460&#8243; img_size=&#8221;full&#8221; style=&#8221;vc_box_shadow&#8221; css=&#8221;.vc_custom_1522097666994{margin-bottom: -15px !important;padding-bottom: 0px !important;}&#8221;][vc_text_separator title=&#8221;Soleil 2&#8243; color=&#8221;custom&#8221; border_width=&#8221;2&#8243; accent_color=&#8221;#333333&#8243; el_class=&#8221;titre-maison&#8221;][vc_column_text css=&#8221;.vc_custom_1523391991608{margin-top: -7px !important;}&#8221;]<a href=\"https:\/\/maisonenergeco.com\/wp-content\/gallery\/soleil-2\/micro-maison-soleil-2.jpg\" rel=\"soleil2\"><img loading=\"lazy\" decoding=\"async\" class=\"aligncenter wp-image-541 size-full\" src=\"https:\/\/maisonenergeco.com\/wp-content\/uploads\/2018\/04\/see-more-bouton.jpg\" alt=\"\" width=\"427\" height=\"49\" \/><\/a>[\/vc_column_text][\/vc_column_inner][vc_column_inner width=&#8221;1\/2&#8243;][vc_single_image image=&#8221;462&#8243; img_size=&#8221;full&#8221; style=&#8221;vc_box_shadow&#8221; css=&#8221;.vc_custom_1522097742138{margin-bottom: -15px !important;padding-bottom: 0px !important;}&#8221;][vc_text_separator title=&#8221;Soleil 3&#8243; color=&#8221;custom&#8221; border_width=&#8221;2&#8243; accent_color=&#8221;#333333&#8243; el_class=&#8221;titre-maison&#8221;][vc_column_text css=&#8221;.vc_custom_1523392005942{margin-top: -7px !important;}&#8221;]<a href=\"https:\/\/maisonenergeco.com\/wp-content\/uploads\/2018\/03\/micro-maison-soleil-3.jpg\" rel=\"soleil3\"><img loading=\"lazy\" decoding=\"async\" class=\"aligncenter wp-image-541 size-full\" src=\"https:\/\/maisonenergeco.com\/wp-content\/uploads\/2018\/04\/see-more-bouton.jpg\" alt=\"\" width=\"427\" height=\"49\" \/><\/a>[\/vc_column_text][\/vc_column_inner][\/vc_row_inner][vc_row_inner el_class=&#8221;display-none&#8221;][vc_column_inner][vc_column_text]micromaison1<\/p>\n<p>&nbsp;<\/p>\n<p>micromaison2<\/p>\n<p>&nbsp;<\/p>\n<p>soleil2<\/p>\n<p><a href=\"https:\/\/maisonenergeco.com\/wp-content\/uploads\/2018\/04\/Soleil2_arriere_couriel.jpg\" rel=\"soleil2\"><img loading=\"lazy\" decoding=\"async\" class=\"alignnone wp-image-508 size-thumbnail\" src=\"https:\/\/maisonenergeco.com\/wp-content\/uploads\/2018\/04\/Soleil2_arriere_couriel-150x150.jpg\" alt=\"\" width=\"150\" height=\"150\" srcset=\"https:\/\/maisonenergeco.com\/wp-content\/uploads\/2018\/04\/Soleil2_arriere_couriel-150x150.jpg 150w, https:\/\/maisonenergeco.com\/wp-content\/uploads\/2018\/04\/Soleil2_arriere_couriel-85x85.jpg 85w, https:\/\/maisonenergeco.com\/wp-content\/uploads\/2018\/04\/Soleil2_arriere_couriel-80x80.jpg 80w\" sizes=\"auto, (max-width:767px) 150px, 150px\" \/><\/a><\/p>\n<p>soleil3<\/p>\n<p><a href=\"https:\/\/maisonenergeco.com\/wp-content\/uploads\/2018\/04\/soleil-3-arriere.jpg\" rel=\"soleil3\"><img loading=\"lazy\" decoding=\"async\" class=\"alignnone wp-image-550 size-thumbnail\" src=\"https:\/\/maisonenergeco.com\/wp-content\/uploads\/2018\/04\/soleil-3-arriere-150x150.jpg\" alt=\"\" width=\"150\" height=\"150\" srcset=\"https:\/\/maisonenergeco.com\/wp-content\/uploads\/2018\/04\/soleil-3-arriere-150x150.jpg 150w, https:\/\/maisonenergeco.com\/wp-content\/uploads\/2018\/04\/soleil-3-arriere-85x85.jpg 85w, https:\/\/maisonenergeco.com\/wp-content\/uploads\/2018\/04\/soleil-3-arriere-80x80.jpg 80w\" sizes=\"auto, (max-width:767px) 150px, 150px\" \/><\/a>[\/vc_column_text][\/vc_column_inner][\/vc_row_inner][\/vc_column][vc_column width=&#8221;1\/4&#8243;][vc_widget_sidebar sidebar_id=&#8221;mfn-search&#8221; el_class=&#8221;sidebar-maison&#8221;][\/vc_column][\/vc_row]<\/p>\n<\/div>","protected":false},"excerpt":{"rendered":"<p>[vc_row full_width=&#8221;stretch_row&#8221; css=&#8221;.vc_custom_1521210446648{margin-bottom: 0px !important;padding-top: 35px !important;padding-bottom: 0px !important;background-image: url(https:\/\/maisonenergeco.com\/wp-content\/uploads\/2018\/03\/fond-gris.jpg?id=340) !important;}&#8221;][vc_column width=&#8221;1\/2&#8243;][vc_text_separator title=&#8221;Modular homes&#8221; title_align=&#8221;separator_align_left&#8221; align=&#8221;align_left&#8221; color=&#8221;custom&#8221; border_width=&#8221;2&#8243; el_width=&#8221;70&#8243; accent_color=&#8221;#9dad20&#8243; css=&#8221;.vc_custom_1523391186454{padding-top: 20px !important;}&#8221;][vc_column_text] OUR TINY HOME<span class=\"excerpt-hellip\"> [\u2026]<\/span><\/p>\n","protected":false},"author":1,"featured_media":0,"parent":802,"menu_order":0,"comment_status":"closed","ping_status":"closed","template":"","meta":{"footnotes":""},"class_list":["post-805","page","type-page","status-publish","hentry"],"yoast_head":"<!-- This site is optimized with the Yoast SEO plugin v26.4 - https:\/\/yoast.com\/wordpress\/plugins\/seo\/ -->\n<title>Tiny home and plan Quebec | Home model |Energeco concept<\/title>\n<meta name=\"description\" content=\"\u00c9NERG\u00c9CO Concept has redesigned all of its construction processes to produce highly energy-efficient. Consult the plans for our various tiny homes. Contact us for more information about our prefab modular home.\" \/>\n<meta name=\"robots\" content=\"index, follow, max-snippet:-1, max-image-preview:large, max-video-preview:-1\" \/>\n<link rel=\"canonical\" href=\"https:\/\/maisonenergeco.com\/en\/model-prefab-home-factory\/tiny-home\/\" \/>\n<meta property=\"og:locale\" content=\"en_US\" \/>\n<meta property=\"og:type\" content=\"article\" \/>\n<meta property=\"og:title\" content=\"Tiny home and plan Quebec | Home model |Energeco concept\" \/>\n<meta property=\"og:description\" content=\"\u00c9NERG\u00c9CO Concept has redesigned all of its construction processes to produce highly energy-efficient. Consult the plans for our various tiny homes. Contact us for more information about our prefab modular home.\" \/>\n<meta property=\"og:url\" content=\"https:\/\/maisonenergeco.com\/en\/model-prefab-home-factory\/tiny-home\/\" \/>\n<meta property=\"og:site_name\" content=\"Maison \u00c9nerg\u00e9co\" \/>\n<meta property=\"article:modified_time\" content=\"2018-04-10T20:35:27+00:00\" \/>\n<meta property=\"og:image\" content=\"https:\/\/maisonenergeco.com\/wp-content\/uploads\/2018\/04\/see-more-bouton.jpg\" \/>\n<meta name=\"twitter:card\" content=\"summary_large_image\" \/>\n<meta name=\"twitter:label1\" content=\"Est. reading time\" \/>\n\t<meta name=\"twitter:data1\" content=\"2 minutes\" \/>\n<script type=\"application\/ld+json\" class=\"yoast-schema-graph\">{\"@context\":\"https:\/\/schema.org\",\"@graph\":[{\"@type\":\"WebPage\",\"@id\":\"https:\/\/maisonenergeco.com\/en\/model-prefab-home-factory\/tiny-home\/\",\"url\":\"https:\/\/maisonenergeco.com\/en\/model-prefab-home-factory\/tiny-home\/\",\"name\":\"Tiny home and plan Quebec | Home model |Energeco concept\",\"isPartOf\":{\"@id\":\"https:\/\/maisonenergeco.com\/#website\"},\"primaryImageOfPage\":{\"@id\":\"https:\/\/maisonenergeco.com\/en\/model-prefab-home-factory\/tiny-home\/#primaryimage\"},\"image\":{\"@id\":\"https:\/\/maisonenergeco.com\/en\/model-prefab-home-factory\/tiny-home\/#primaryimage\"},\"thumbnailUrl\":\"https:\/\/maisonenergeco.com\/wp-content\/uploads\/2018\/04\/see-more-bouton.jpg\",\"datePublished\":\"2018-03-13T16:00:17+00:00\",\"dateModified\":\"2018-04-10T20:35:27+00:00\",\"description\":\"\u00c9NERG\u00c9CO Concept has redesigned all of its construction processes to produce highly energy-efficient. Consult the plans for our various tiny homes. Contact us for more information about our prefab modular home.\",\"breadcrumb\":{\"@id\":\"https:\/\/maisonenergeco.com\/en\/model-prefab-home-factory\/tiny-home\/#breadcrumb\"},\"inLanguage\":\"en-US\",\"potentialAction\":[{\"@type\":\"ReadAction\",\"target\":[\"https:\/\/maisonenergeco.com\/en\/model-prefab-home-factory\/tiny-home\/\"]}]},{\"@type\":\"ImageObject\",\"inLanguage\":\"en-US\",\"@id\":\"https:\/\/maisonenergeco.com\/en\/model-prefab-home-factory\/tiny-home\/#primaryimage\",\"url\":\"https:\/\/maisonenergeco.com\/wp-content\/uploads\/2018\/04\/see-more-bouton.jpg\",\"contentUrl\":\"https:\/\/maisonenergeco.com\/wp-content\/uploads\/2018\/04\/see-more-bouton.jpg\"},{\"@type\":\"BreadcrumbList\",\"@id\":\"https:\/\/maisonenergeco.com\/en\/model-prefab-home-factory\/tiny-home\/#breadcrumb\",\"itemListElement\":[{\"@type\":\"ListItem\",\"position\":1,\"name\":\"Accueil\",\"item\":\"https:\/\/maisonenergeco.com\/en\/\"},{\"@type\":\"ListItem\",\"position\":2,\"name\":\"Models\",\"item\":\"https:\/\/maisonenergeco.com\/en\/model-prefab-home-factory\/\"},{\"@type\":\"ListItem\",\"position\":3,\"name\":\"Tiny homes\"}]},{\"@type\":\"WebSite\",\"@id\":\"https:\/\/maisonenergeco.com\/#website\",\"url\":\"https:\/\/maisonenergeco.com\/\",\"name\":\"Maison \u00c9nerg\u00e9co\",\"description\":\"Maison modulaire et solaire pr\u00e9fabriqu\u00e9e\",\"potentialAction\":[{\"@type\":\"SearchAction\",\"target\":{\"@type\":\"EntryPoint\",\"urlTemplate\":\"https:\/\/maisonenergeco.com\/?s={search_term_string}\"},\"query-input\":{\"@type\":\"PropertyValueSpecification\",\"valueRequired\":true,\"valueName\":\"search_term_string\"}}],\"inLanguage\":\"en-US\"}]}<\/script>\n<!-- \/ Yoast SEO plugin. -->","yoast_head_json":{"title":"Tiny home and plan Quebec | Home model |Energeco concept","description":"\u00c9NERG\u00c9CO Concept has redesigned all of its construction processes to produce highly energy-efficient. Consult the plans for our various tiny homes. Contact us for more information about our prefab modular home.","robots":{"index":"index","follow":"follow","max-snippet":"max-snippet:-1","max-image-preview":"max-image-preview:large","max-video-preview":"max-video-preview:-1"},"canonical":"https:\/\/maisonenergeco.com\/en\/model-prefab-home-factory\/tiny-home\/","og_locale":"en_US","og_type":"article","og_title":"Tiny home and plan Quebec | Home model |Energeco concept","og_description":"\u00c9NERG\u00c9CO Concept has redesigned all of its construction processes to produce highly energy-efficient. Consult the plans for our various tiny homes. Contact us for more information about our prefab modular home.","og_url":"https:\/\/maisonenergeco.com\/en\/model-prefab-home-factory\/tiny-home\/","og_site_name":"Maison \u00c9nerg\u00e9co","article_modified_time":"2018-04-10T20:35:27+00:00","og_image":[{"url":"https:\/\/maisonenergeco.com\/wp-content\/uploads\/2018\/04\/see-more-bouton.jpg","type":"","width":"","height":""}],"twitter_card":"summary_large_image","twitter_misc":{"Est. reading time":"2 minutes"},"schema":{"@context":"https:\/\/schema.org","@graph":[{"@type":"WebPage","@id":"https:\/\/maisonenergeco.com\/en\/model-prefab-home-factory\/tiny-home\/","url":"https:\/\/maisonenergeco.com\/en\/model-prefab-home-factory\/tiny-home\/","name":"Tiny home and plan Quebec | Home model |Energeco concept","isPartOf":{"@id":"https:\/\/maisonenergeco.com\/#website"},"primaryImageOfPage":{"@id":"https:\/\/maisonenergeco.com\/en\/model-prefab-home-factory\/tiny-home\/#primaryimage"},"image":{"@id":"https:\/\/maisonenergeco.com\/en\/model-prefab-home-factory\/tiny-home\/#primaryimage"},"thumbnailUrl":"https:\/\/maisonenergeco.com\/wp-content\/uploads\/2018\/04\/see-more-bouton.jpg","datePublished":"2018-03-13T16:00:17+00:00","dateModified":"2018-04-10T20:35:27+00:00","description":"\u00c9NERG\u00c9CO Concept has redesigned all of its construction processes to produce highly energy-efficient. Consult the plans for our various tiny homes. Contact us for more information about our prefab modular home.","breadcrumb":{"@id":"https:\/\/maisonenergeco.com\/en\/model-prefab-home-factory\/tiny-home\/#breadcrumb"},"inLanguage":"en-US","potentialAction":[{"@type":"ReadAction","target":["https:\/\/maisonenergeco.com\/en\/model-prefab-home-factory\/tiny-home\/"]}]},{"@type":"ImageObject","inLanguage":"en-US","@id":"https:\/\/maisonenergeco.com\/en\/model-prefab-home-factory\/tiny-home\/#primaryimage","url":"https:\/\/maisonenergeco.com\/wp-content\/uploads\/2018\/04\/see-more-bouton.jpg","contentUrl":"https:\/\/maisonenergeco.com\/wp-content\/uploads\/2018\/04\/see-more-bouton.jpg"},{"@type":"BreadcrumbList","@id":"https:\/\/maisonenergeco.com\/en\/model-prefab-home-factory\/tiny-home\/#breadcrumb","itemListElement":[{"@type":"ListItem","position":1,"name":"Accueil","item":"https:\/\/maisonenergeco.com\/en\/"},{"@type":"ListItem","position":2,"name":"Models","item":"https:\/\/maisonenergeco.com\/en\/model-prefab-home-factory\/"},{"@type":"ListItem","position":3,"name":"Tiny homes"}]},{"@type":"WebSite","@id":"https:\/\/maisonenergeco.com\/#website","url":"https:\/\/maisonenergeco.com\/","name":"Maison \u00c9nerg\u00e9co","description":"Maison modulaire et solaire pr\u00e9fabriqu\u00e9e","potentialAction":[{"@type":"SearchAction","target":{"@type":"EntryPoint","urlTemplate":"https:\/\/maisonenergeco.com\/?s={search_term_string}"},"query-input":{"@type":"PropertyValueSpecification","valueRequired":true,"valueName":"search_term_string"}}],"inLanguage":"en-US"}]}},"_links":{"self":[{"href":"https:\/\/maisonenergeco.com\/en\/wp-json\/wp\/v2\/pages\/805","targetHints":{"allow":["GET"]}}],"collection":[{"href":"https:\/\/maisonenergeco.com\/en\/wp-json\/wp\/v2\/pages"}],"about":[{"href":"https:\/\/maisonenergeco.com\/en\/wp-json\/wp\/v2\/types\/page"}],"author":[{"embeddable":true,"href":"https:\/\/maisonenergeco.com\/en\/wp-json\/wp\/v2\/users\/1"}],"replies":[{"embeddable":true,"href":"https:\/\/maisonenergeco.com\/en\/wp-json\/wp\/v2\/comments?post=805"}],"version-history":[{"count":6,"href":"https:\/\/maisonenergeco.com\/en\/wp-json\/wp\/v2\/pages\/805\/revisions"}],"predecessor-version":[{"id":816,"href":"https:\/\/maisonenergeco.com\/en\/wp-json\/wp\/v2\/pages\/805\/revisions\/816"}],"up":[{"embeddable":true,"href":"https:\/\/maisonenergeco.com\/en\/wp-json\/wp\/v2\/pages\/802"}],"wp:attachment":[{"href":"https:\/\/maisonenergeco.com\/en\/wp-json\/wp\/v2\/media?parent=805"}],"curies":[{"name":"wp","href":"https:\/\/api.w.org\/{rel}","templated":true}]}}