{"id":802,"date":"2018-03-13T11:59:11","date_gmt":"2018-03-13T15:59:11","guid":{"rendered":"https:\/\/dev.maisonenergeco.com\/modele-maison-prefabriquee-usine\/"},"modified":"2018-04-12T09:53:17","modified_gmt":"2018-04-12T13:53:17","slug":"model-prefab-home-factory","status":"publish","type":"page","link":"https:\/\/maisonenergeco.com\/en\/model-prefab-home-factory\/","title":{"rendered":"Models"},"content":{"rendered":"<div class=\"wpb-content-wrapper\"><p>[vc_row][vc_column width=&#8221;3\/4&#8243;][vc_column_text]<\/p>\n<h1>PREFAB MODULAR HOMES<\/h1>\n<p>[\/vc_column_text][vc_single_image image=&#8221;334&#8243; img_size=&#8221;full&#8221; style=&#8221;vc_box_shadow_border&#8221;][vc_row_inner css=&#8221;.vc_custom_1521569956013{padding-left: 30px !important;}&#8221;][vc_column_inner]<div class=\"list_item lists_1 clearfix\"><div class=\"list_left list_icon\"><i class=\"icon-box\" aria-hidden=\"true\"><\/i><\/div><div class=\"list_right\"><div class=\"desc\">Building a home or a multiplex is easy with our modular systems.<\/div><\/div><\/div>\n<div class=\"list_item lists_1 clearfix\"><div class=\"list_left list_icon\"><i class=\"icon-plus\" aria-hidden=\"true\"><\/i><\/div><div class=\"list_right\"><div class=\"desc\">Whether you\u2019re still at the planning stage or your house has already been built, you can add modules to all of our models, expanding your home to keep pace with your growing family! <\/div><\/div><\/div>\n<div class=\"list_item lists_1 clearfix\"><div class=\"list_left list_icon\"><i class=\"icon-lamp\" aria-hidden=\"true\"><\/i><\/div><div class=\"list_right\"><div class=\"desc\">\u00c9NERG\u00c9CO Concept has redesigned all of its construction processes to produce highly energy-efficient, strong and extremely sturdy prefab modular homes. <\/div><\/div><\/div>\n[\/vc_column_inner][\/vc_row_inner][\/vc_column][vc_column width=&#8221;1\/4&#8243;][vc_widget_sidebar sidebar_id=&#8221;mfn-search&#8221; el_class=&#8221;sidebar-maison&#8221;][\/vc_column][\/vc_row]<\/p>\n<\/div>","protected":false},"excerpt":{"rendered":"<p>[vc_row][vc_column width=&#8221;3\/4&#8243;][vc_column_text] PREFAB MODULAR HOMES [\/vc_column_text][vc_single_image image=&#8221;334&#8243; img_size=&#8221;full&#8221; style=&#8221;vc_box_shadow_border&#8221;][vc_row_inner css=&#8221;.vc_custom_1521569956013{padding-left: 30px !important;}&#8221;][vc_column_inner][\/vc_column_inner][\/vc_row_inner][\/vc_column][vc_column width=&#8221;1\/4&#8243;][vc_widget_sidebar sidebar_id=&#8221;mfn-search&#8221; el_class=&#8221;sidebar-maison&#8221;][\/vc_column][\/vc_row]<\/p>\n","protected":false},"author":1,"featured_media":0,"parent":0,"menu_order":0,"comment_status":"closed","ping_status":"closed","template":"","meta":{"footnotes":""},"class_list":["post-802","page","type-page","status-publish","hentry"],"yoast_head":"<!-- This site is optimized with the Yoast SEO plugin v26.4 - https:\/\/yoast.com\/wordpress\/plugins\/seo\/ -->\n<title>Muiltiplex modular home | Model | Energeco concept<\/title>\n<meta name=\"description\" content=\"\u00c9NERG\u00c9CO Concept has redesigned all of its construction processes to produce highly energy-efficient, strong and extremely sturdy prefab modular homes.\" \/>\n<meta name=\"robots\" content=\"index, follow, max-snippet:-1, max-image-preview:large, max-video-preview:-1\" \/>\n<link rel=\"canonical\" href=\"https:\/\/maisonenergeco.com\/en\/model-prefab-home-factory\/\" \/>\n<meta property=\"og:locale\" content=\"en_US\" \/>\n<meta property=\"og:type\" content=\"article\" \/>\n<meta property=\"og:title\" content=\"Muiltiplex modular home | Model | Energeco concept\" \/>\n<meta property=\"og:description\" content=\"\u00c9NERG\u00c9CO Concept has redesigned all of its construction processes to produce highly energy-efficient, strong and extremely sturdy prefab modular homes.\" \/>\n<meta property=\"og:url\" content=\"https:\/\/maisonenergeco.com\/en\/model-prefab-home-factory\/\" \/>\n<meta property=\"og:site_name\" content=\"Maison \u00c9nerg\u00e9co\" \/>\n<meta property=\"article:modified_time\" content=\"2018-04-12T13:53:17+00:00\" \/>\n<meta name=\"twitter:card\" content=\"summary_large_image\" \/>\n<meta name=\"twitter:label1\" content=\"Est. reading time\" \/>\n\t<meta name=\"twitter:data1\" content=\"1 minute\" \/>\n<script type=\"application\/ld+json\" class=\"yoast-schema-graph\">{\"@context\":\"https:\/\/schema.org\",\"@graph\":[{\"@type\":\"WebPage\",\"@id\":\"https:\/\/maisonenergeco.com\/en\/model-prefab-home-factory\/\",\"url\":\"https:\/\/maisonenergeco.com\/en\/model-prefab-home-factory\/\",\"name\":\"Muiltiplex modular home | Model | Energeco concept\",\"isPartOf\":{\"@id\":\"https:\/\/maisonenergeco.com\/#website\"},\"datePublished\":\"2018-03-13T15:59:11+00:00\",\"dateModified\":\"2018-04-12T13:53:17+00:00\",\"description\":\"\u00c9NERG\u00c9CO Concept has redesigned all of its construction processes to produce highly energy-efficient, strong and extremely sturdy prefab modular homes.\",\"breadcrumb\":{\"@id\":\"https:\/\/maisonenergeco.com\/en\/model-prefab-home-factory\/#breadcrumb\"},\"inLanguage\":\"en-US\",\"potentialAction\":[{\"@type\":\"ReadAction\",\"target\":[\"https:\/\/maisonenergeco.com\/en\/model-prefab-home-factory\/\"]}]},{\"@type\":\"BreadcrumbList\",\"@id\":\"https:\/\/maisonenergeco.com\/en\/model-prefab-home-factory\/#breadcrumb\",\"itemListElement\":[{\"@type\":\"ListItem\",\"position\":1,\"name\":\"Accueil\",\"item\":\"https:\/\/maisonenergeco.com\/en\/\"},{\"@type\":\"ListItem\",\"position\":2,\"name\":\"Models\"}]},{\"@type\":\"WebSite\",\"@id\":\"https:\/\/maisonenergeco.com\/#website\",\"url\":\"https:\/\/maisonenergeco.com\/\",\"name\":\"Maison \u00c9nerg\u00e9co\",\"description\":\"Maison modulaire et solaire pr\u00e9fabriqu\u00e9e\",\"potentialAction\":[{\"@type\":\"SearchAction\",\"target\":{\"@type\":\"EntryPoint\",\"urlTemplate\":\"https:\/\/maisonenergeco.com\/?s={search_term_string}\"},\"query-input\":{\"@type\":\"PropertyValueSpecification\",\"valueRequired\":true,\"valueName\":\"search_term_string\"}}],\"inLanguage\":\"en-US\"}]}<\/script>\n<!-- \/ Yoast SEO plugin. -->","yoast_head_json":{"title":"Muiltiplex modular home | Model | Energeco concept","description":"\u00c9NERG\u00c9CO Concept has redesigned all of its construction processes to produce highly energy-efficient, strong and extremely sturdy prefab modular homes.","robots":{"index":"index","follow":"follow","max-snippet":"max-snippet:-1","max-image-preview":"max-image-preview:large","max-video-preview":"max-video-preview:-1"},"canonical":"https:\/\/maisonenergeco.com\/en\/model-prefab-home-factory\/","og_locale":"en_US","og_type":"article","og_title":"Muiltiplex modular home | Model | Energeco concept","og_description":"\u00c9NERG\u00c9CO Concept has redesigned all of its construction processes to produce highly energy-efficient, strong and extremely sturdy prefab modular homes.","og_url":"https:\/\/maisonenergeco.com\/en\/model-prefab-home-factory\/","og_site_name":"Maison \u00c9nerg\u00e9co","article_modified_time":"2018-04-12T13:53:17+00:00","twitter_card":"summary_large_image","twitter_misc":{"Est. reading time":"1 minute"},"schema":{"@context":"https:\/\/schema.org","@graph":[{"@type":"WebPage","@id":"https:\/\/maisonenergeco.com\/en\/model-prefab-home-factory\/","url":"https:\/\/maisonenergeco.com\/en\/model-prefab-home-factory\/","name":"Muiltiplex modular home | Model | Energeco concept","isPartOf":{"@id":"https:\/\/maisonenergeco.com\/#website"},"datePublished":"2018-03-13T15:59:11+00:00","dateModified":"2018-04-12T13:53:17+00:00","description":"\u00c9NERG\u00c9CO Concept has redesigned all of its construction processes to produce highly energy-efficient, strong and extremely sturdy prefab modular homes.","breadcrumb":{"@id":"https:\/\/maisonenergeco.com\/en\/model-prefab-home-factory\/#breadcrumb"},"inLanguage":"en-US","potentialAction":[{"@type":"ReadAction","target":["https:\/\/maisonenergeco.com\/en\/model-prefab-home-factory\/"]}]},{"@type":"BreadcrumbList","@id":"https:\/\/maisonenergeco.com\/en\/model-prefab-home-factory\/#breadcrumb","itemListElement":[{"@type":"ListItem","position":1,"name":"Accueil","item":"https:\/\/maisonenergeco.com\/en\/"},{"@type":"ListItem","position":2,"name":"Models"}]},{"@type":"WebSite","@id":"https:\/\/maisonenergeco.com\/#website","url":"https:\/\/maisonenergeco.com\/","name":"Maison \u00c9nerg\u00e9co","description":"Maison modulaire et solaire pr\u00e9fabriqu\u00e9e","potentialAction":[{"@type":"SearchAction","target":{"@type":"EntryPoint","urlTemplate":"https:\/\/maisonenergeco.com\/?s={search_term_string}"},"query-input":{"@type":"PropertyValueSpecification","valueRequired":true,"valueName":"search_term_string"}}],"inLanguage":"en-US"}]}},"_links":{"self":[{"href":"https:\/\/maisonenergeco.com\/en\/wp-json\/wp\/v2\/pages\/802","targetHints":{"allow":["GET"]}}],"collection":[{"href":"https:\/\/maisonenergeco.com\/en\/wp-json\/wp\/v2\/pages"}],"about":[{"href":"https:\/\/maisonenergeco.com\/en\/wp-json\/wp\/v2\/types\/page"}],"author":[{"embeddable":true,"href":"https:\/\/maisonenergeco.com\/en\/wp-json\/wp\/v2\/users\/1"}],"replies":[{"embeddable":true,"href":"https:\/\/maisonenergeco.com\/en\/wp-json\/wp\/v2\/comments?post=802"}],"version-history":[{"count":2,"href":"https:\/\/maisonenergeco.com\/en\/wp-json\/wp\/v2\/pages\/802\/revisions"}],"predecessor-version":[{"id":870,"href":"https:\/\/maisonenergeco.com\/en\/wp-json\/wp\/v2\/pages\/802\/revisions\/870"}],"wp:attachment":[{"href":"https:\/\/maisonenergeco.com\/en\/wp-json\/wp\/v2\/media?parent=802"}],"curies":[{"name":"wp","href":"https:\/\/api.w.org\/{rel}","templated":true}]}}