{"id":792,"date":"2018-03-13T12:04:33","date_gmt":"2018-03-13T16:04:33","guid":{"rendered":"https:\/\/dev.maisonenergeco.com\/realisations-maison-energetique\/"},"modified":"2018-04-16T11:18:02","modified_gmt":"2018-04-16T15:18:02","slug":"energy-efficient-achievements","status":"publish","type":"page","link":"https:\/\/maisonenergeco.com\/en\/energy-efficient-achievements\/","title":{"rendered":"Achievements"},"content":{"rendered":"<div class=\"wpb-content-wrapper\"><p>[vc_row][vc_column][vc_column_text]<\/p>\n<h1>OUR ACHIEVEMENTS OF ENERGY-EFFICIENT HOMES<\/h1>\n<p>All of our energy-efficient homes meet the manufacturing quality criteria of \u00c9nerg\u00e9co Concept and are\u00a0LEED certified.<\/p>\n<p>Stages from design to delivery, 60-day lead time<\/p>\n<p><strong>We simplify the way, from construction to installation<\/strong><\/p>\n<ol>\n<li>Plan<\/li>\n<li>Manufacturing<\/li>\n<li>Delivery<\/li>\n<\/ol>\n<p>[\/vc_column_text][\/vc_column][\/vc_row][vc_row full_width=&#8221;stretch_row&#8221; css=&#8221;.vc_custom_1523543238851{background-color: #efefef !important;}&#8221;][vc_column width=&#8221;1\/2&#8243;][vc_column_text el_class=&#8221;titre-h2&#8243;]<\/p>\n<h2>FACTORY CONSTRUCTION<\/h2>\n<ul>\n<li>Time and cost savings<\/li>\n<li>Custom planning by the client<\/li>\n<li>Quality workmanship<\/li>\n<li>Flexibility in constructing spaces<\/li>\n<li>Energy-efficient homes<\/li>\n<li>Quality control<\/li>\n<\/ul>\n<p>[\/vc_column_text][\/vc_column][vc_column width=&#8221;1\/2&#8243;][vc_single_image image=&#8221;880&#8243; img_size=&#8221;large&#8221; css=&#8221;.vc_custom_1523543511327{margin-bottom: 0px !important;}&#8221;][\/vc_column][\/vc_row][vc_row content_placement=&#8221;middle&#8221;][vc_column width=&#8221;1\/2&#8243; css=&#8221;.vc_custom_1523385031388{margin-bottom: 0px !important;padding-bottom: 0px !important;}&#8221;][vc_single_image image=&#8221;878&#8243; img_size=&#8221;large&#8221; css=&#8221;.vc_custom_1523543427799{margin-bottom: 0px !important;padding-bottom: 0px !important;}&#8221;][\/vc_column][vc_column width=&#8221;1\/2&#8243;][vc_column_text el_class=&#8221;titre-h2&#8243;]<\/p>\n<h2>DELIVERY<\/h2>\n<ul>\n<li>One-day delivery within Qu\u00e9bec<\/li>\n<li>Modules shipped completely finished<\/li>\n<li>Assembled within 5 days (depending on model)<\/li>\n<li>Qualified delivery people<\/li>\n<\/ul>\n<p>[\/vc_column_text][\/vc_column][\/vc_row][vc_row full_width=&#8221;stretch_row&#8221; content_placement=&#8221;middle&#8221; css=&#8221;.vc_custom_1523891856820{background-color: #efefef !important;}&#8221;][vc_column width=&#8221;1\/2&#8243;][vc_column_text el_class=&#8221;titre-h2&#8243;]<\/p>\n<h2>ON-SITE ASSEMBLY<\/h2>\n<ul>\n<li>Mounting and assembly of modules<\/li>\n<li>Finishing of joints between modules<\/li>\n<li>Delivery of the home at different stages of interior finishing, as per client\u2019s order<\/li>\n<\/ul>\n<p>[\/vc_column_text][\/vc_column][vc_column width=&#8221;1\/2&#8243;][vc_single_image image=&#8221;876&#8243; img_size=&#8221;large&#8221; css=&#8221;.vc_custom_1523543593140{margin-bottom: 0px !important;}&#8221;][\/vc_column][\/vc_row][vc_row content_placement=&#8221;middle&#8221;][vc_column width=&#8221;1\/2&#8243;][vc_single_image image=&#8221;874&#8243; img_size=&#8221;large&#8221;][\/vc_column][vc_column width=&#8221;1\/2&#8243;][vc_column_text el_class=&#8221;titre-h2&#8243;]<\/p>\n<h2>MOVE-IN<\/h2>\n<ul>\n<li>Modern, integrated architecture<\/li>\n<li>Carefully selected, sustainable materials<\/li>\n<li>Additional modules always possible, even several years after construction<\/li>\n<\/ul>\n<p>[\/vc_column_text][\/vc_column][\/vc_row][vc_row][vc_column][vc_column_text el_id=&#8221;titre-noir&#8221;]<\/p>\n<h2>GALLERY<\/h2>\n<p>[\/vc_column_text][vc_masonry_media_grid element_width=&#8221;2&#8243; grid_id=&#8221;vc_gid:1523891812099-1e5280ca-2c44-10&#8243; include=&#8221;654,656,658,660,662,664,666,668,670,672,674,676,679,681,683,685,687,689,691,693,695,697,699,701,703,705,713&#8243;][\/vc_column][\/vc_row]<\/p>\n<\/div>","protected":false},"excerpt":{"rendered":"<p>[vc_row][vc_column][vc_column_text] OUR ACHIEVEMENTS OF ENERGY-EFFICIENT HOMES All of our energy-efficient homes meet the manufacturing quality criteria of \u00c9nerg\u00e9co Concept and are\u00a0LEED certified. Stages from design to<span class=\"excerpt-hellip\"> [\u2026]<\/span><\/p>\n","protected":false},"author":1,"featured_media":0,"parent":0,"menu_order":0,"comment_status":"closed","ping_status":"closed","template":"","meta":{"footnotes":""},"class_list":["post-792","page","type-page","status-publish","hentry"],"yoast_head":"<!-- This site is optimized with the Yoast SEO plugin v26.4 - https:\/\/yoast.com\/wordpress\/plugins\/seo\/ -->\n<title>Energy-efficient home Quebec | Achievements | Energeco concept<\/title>\n<meta name=\"description\" content=\"Your energy-efficient home, now reality. Consultt our different achievements. Contact us today to learn more about our prefab energy-efficient home in Quebec.\" \/>\n<meta name=\"robots\" content=\"index, follow, max-snippet:-1, max-image-preview:large, max-video-preview:-1\" \/>\n<link rel=\"canonical\" href=\"https:\/\/maisonenergeco.com\/en\/energy-efficient-achievements\/\" \/>\n<meta property=\"og:locale\" content=\"en_US\" \/>\n<meta property=\"og:type\" content=\"article\" \/>\n<meta property=\"og:title\" content=\"Energy-efficient home Quebec | Achievements | Energeco concept\" \/>\n<meta property=\"og:description\" content=\"Your energy-efficient home, now reality. Consultt our different achievements. Contact us today to learn more about our prefab energy-efficient home in Quebec.\" \/>\n<meta property=\"og:url\" content=\"https:\/\/maisonenergeco.com\/en\/energy-efficient-achievements\/\" \/>\n<meta property=\"og:site_name\" content=\"Maison \u00c9nerg\u00e9co\" \/>\n<meta property=\"article:modified_time\" content=\"2018-04-16T15:18:02+00:00\" \/>\n<meta name=\"twitter:card\" content=\"summary_large_image\" \/>\n<meta name=\"twitter:label1\" content=\"Est. reading time\" \/>\n\t<meta name=\"twitter:data1\" content=\"2 minutes\" \/>\n<script type=\"application\/ld+json\" class=\"yoast-schema-graph\">{\"@context\":\"https:\/\/schema.org\",\"@graph\":[{\"@type\":\"WebPage\",\"@id\":\"https:\/\/maisonenergeco.com\/en\/energy-efficient-achievements\/\",\"url\":\"https:\/\/maisonenergeco.com\/en\/energy-efficient-achievements\/\",\"name\":\"Energy-efficient home Quebec | Achievements | Energeco concept\",\"isPartOf\":{\"@id\":\"https:\/\/maisonenergeco.com\/#website\"},\"datePublished\":\"2018-03-13T16:04:33+00:00\",\"dateModified\":\"2018-04-16T15:18:02+00:00\",\"description\":\"Your energy-efficient home, now reality. Consultt our different achievements. Contact us today to learn more about our prefab energy-efficient home in Quebec.\",\"breadcrumb\":{\"@id\":\"https:\/\/maisonenergeco.com\/en\/energy-efficient-achievements\/#breadcrumb\"},\"inLanguage\":\"en-US\",\"potentialAction\":[{\"@type\":\"ReadAction\",\"target\":[\"https:\/\/maisonenergeco.com\/en\/energy-efficient-achievements\/\"]}]},{\"@type\":\"BreadcrumbList\",\"@id\":\"https:\/\/maisonenergeco.com\/en\/energy-efficient-achievements\/#breadcrumb\",\"itemListElement\":[{\"@type\":\"ListItem\",\"position\":1,\"name\":\"Accueil\",\"item\":\"https:\/\/maisonenergeco.com\/en\/\"},{\"@type\":\"ListItem\",\"position\":2,\"name\":\"Achievements\"}]},{\"@type\":\"WebSite\",\"@id\":\"https:\/\/maisonenergeco.com\/#website\",\"url\":\"https:\/\/maisonenergeco.com\/\",\"name\":\"Maison \u00c9nerg\u00e9co\",\"description\":\"Maison modulaire et solaire pr\u00e9fabriqu\u00e9e\",\"potentialAction\":[{\"@type\":\"SearchAction\",\"target\":{\"@type\":\"EntryPoint\",\"urlTemplate\":\"https:\/\/maisonenergeco.com\/?s={search_term_string}\"},\"query-input\":{\"@type\":\"PropertyValueSpecification\",\"valueRequired\":true,\"valueName\":\"search_term_string\"}}],\"inLanguage\":\"en-US\"}]}<\/script>\n<!-- \/ Yoast SEO plugin. -->","yoast_head_json":{"title":"Energy-efficient home Quebec | Achievements | Energeco concept","description":"Your energy-efficient home, now reality. Consultt our different achievements. Contact us today to learn more about our prefab energy-efficient home in Quebec.","robots":{"index":"index","follow":"follow","max-snippet":"max-snippet:-1","max-image-preview":"max-image-preview:large","max-video-preview":"max-video-preview:-1"},"canonical":"https:\/\/maisonenergeco.com\/en\/energy-efficient-achievements\/","og_locale":"en_US","og_type":"article","og_title":"Energy-efficient home Quebec | Achievements | Energeco concept","og_description":"Your energy-efficient home, now reality. Consultt our different achievements. Contact us today to learn more about our prefab energy-efficient home in Quebec.","og_url":"https:\/\/maisonenergeco.com\/en\/energy-efficient-achievements\/","og_site_name":"Maison \u00c9nerg\u00e9co","article_modified_time":"2018-04-16T15:18:02+00:00","twitter_card":"summary_large_image","twitter_misc":{"Est. reading time":"2 minutes"},"schema":{"@context":"https:\/\/schema.org","@graph":[{"@type":"WebPage","@id":"https:\/\/maisonenergeco.com\/en\/energy-efficient-achievements\/","url":"https:\/\/maisonenergeco.com\/en\/energy-efficient-achievements\/","name":"Energy-efficient home Quebec | Achievements | Energeco concept","isPartOf":{"@id":"https:\/\/maisonenergeco.com\/#website"},"datePublished":"2018-03-13T16:04:33+00:00","dateModified":"2018-04-16T15:18:02+00:00","description":"Your energy-efficient home, now reality. Consultt our different achievements. Contact us today to learn more about our prefab energy-efficient home in Quebec.","breadcrumb":{"@id":"https:\/\/maisonenergeco.com\/en\/energy-efficient-achievements\/#breadcrumb"},"inLanguage":"en-US","potentialAction":[{"@type":"ReadAction","target":["https:\/\/maisonenergeco.com\/en\/energy-efficient-achievements\/"]}]},{"@type":"BreadcrumbList","@id":"https:\/\/maisonenergeco.com\/en\/energy-efficient-achievements\/#breadcrumb","itemListElement":[{"@type":"ListItem","position":1,"name":"Accueil","item":"https:\/\/maisonenergeco.com\/en\/"},{"@type":"ListItem","position":2,"name":"Achievements"}]},{"@type":"WebSite","@id":"https:\/\/maisonenergeco.com\/#website","url":"https:\/\/maisonenergeco.com\/","name":"Maison \u00c9nerg\u00e9co","description":"Maison modulaire et solaire pr\u00e9fabriqu\u00e9e","potentialAction":[{"@type":"SearchAction","target":{"@type":"EntryPoint","urlTemplate":"https:\/\/maisonenergeco.com\/?s={search_term_string}"},"query-input":{"@type":"PropertyValueSpecification","valueRequired":true,"valueName":"search_term_string"}}],"inLanguage":"en-US"}]}},"_links":{"self":[{"href":"https:\/\/maisonenergeco.com\/en\/wp-json\/wp\/v2\/pages\/792","targetHints":{"allow":["GET"]}}],"collection":[{"href":"https:\/\/maisonenergeco.com\/en\/wp-json\/wp\/v2\/pages"}],"about":[{"href":"https:\/\/maisonenergeco.com\/en\/wp-json\/wp\/v2\/types\/page"}],"author":[{"embeddable":true,"href":"https:\/\/maisonenergeco.com\/en\/wp-json\/wp\/v2\/users\/1"}],"replies":[{"embeddable":true,"href":"https:\/\/maisonenergeco.com\/en\/wp-json\/wp\/v2\/comments?post=792"}],"version-history":[{"count":6,"href":"https:\/\/maisonenergeco.com\/en\/wp-json\/wp\/v2\/pages\/792\/revisions"}],"predecessor-version":[{"id":915,"href":"https:\/\/maisonenergeco.com\/en\/wp-json\/wp\/v2\/pages\/792\/revisions\/915"}],"wp:attachment":[{"href":"https:\/\/maisonenergeco.com\/en\/wp-json\/wp\/v2\/media?parent=792"}],"curies":[{"name":"wp","href":"https:\/\/api.w.org\/{rel}","templated":true}]}}