{"id":789,"date":"2018-03-13T12:05:29","date_gmt":"2018-03-13T16:05:29","guid":{"rendered":"https:\/\/dev.maisonenergeco.com\/medias-maison-prefab\/"},"modified":"2018-04-12T10:44:36","modified_gmt":"2018-04-12T14:44:36","slug":"medias-prefab-home","status":"publish","type":"page","link":"https:\/\/maisonenergeco.com\/en\/medias-prefab-home\/","title":{"rendered":"Media"},"content":{"rendered":"<div class=\"wpb-content-wrapper\"><p>[vc_row][vc_column][vc_column_text]<\/p>\n<h1>Media about our prefab homes<\/h1>\n<p>[\/vc_column_text][\/vc_column][\/vc_row][vc_row css=&#8221;.vc_custom_1523386772950{margin-bottom: 35px !important;}&#8221;][vc_column width=&#8221;1\/2&#8243;][vc_single_image image=&#8221;755&#8243; img_size=&#8221;large&#8221; css=&#8221;.vc_custom_1523386314412{margin-bottom: 0px !important;padding-bottom: 0px !important;}&#8221;][vc_column_text css=&#8221;.vc_custom_1523544260439{margin-top: -20px !important;padding-top: 0px !important;padding-right: 15px !important;}&#8221;]A platinum LEED house where health and environmental performance dominate.<\/p>\n<p><a href=\"http:\/\/www.ecohome.net\/news\/latest\/superior-air-quality-performance-prefabricated-leedr-platinum-home\" target=\"_blank\" rel=\"noopener\">Read the article\u00a0 \u2192 <\/a>[\/vc_column_text][\/vc_column][vc_column width=&#8221;1\/2&#8243;][vc_video link=&#8221;https:\/\/www.youtube.com\/watch?v=LcocmJruWqI&#8221;][\/vc_column][\/vc_row]<\/p>\n<\/div>","protected":false},"excerpt":{"rendered":"<p>[vc_row][vc_column][vc_column_text] Media about our prefab homes [\/vc_column_text][\/vc_column][\/vc_row][vc_row css=&#8221;.vc_custom_1523386772950{margin-bottom: 35px !important;}&#8221;][vc_column width=&#8221;1\/2&#8243;][vc_single_image image=&#8221;755&#8243; img_size=&#8221;large&#8221; css=&#8221;.vc_custom_1523386314412{margin-bottom: 0px !important;padding-bottom: 0px !important;}&#8221;][vc_column_text css=&#8221;.vc_custom_1523544260439{margin-top: -20px !important;padding-top: 0px !important;padding-right: 15px !important;}&#8221;]A platinum<span class=\"excerpt-hellip\"> [\u2026]<\/span><\/p>\n","protected":false},"author":1,"featured_media":0,"parent":0,"menu_order":0,"comment_status":"closed","ping_status":"closed","template":"","meta":{"footnotes":""},"class_list":["post-789","page","type-page","status-publish","hentry"],"yoast_head":"<!-- This site is optimized with the Yoast SEO plugin v26.4 - https:\/\/yoast.com\/wordpress\/plugins\/seo\/ -->\n<title>Prefab home, home leed Quebec | Medias | Energeco concept<\/title>\n<meta name=\"description\" content=\"Consult our media for our factory prefab homes in the Laurentians, Quebec. Contact us to learn more about our energy-efficient homes.\" \/>\n<meta name=\"robots\" content=\"index, follow, max-snippet:-1, max-image-preview:large, max-video-preview:-1\" \/>\n<link rel=\"canonical\" href=\"https:\/\/maisonenergeco.com\/en\/medias-prefab-home\/\" \/>\n<meta property=\"og:locale\" content=\"en_US\" \/>\n<meta property=\"og:type\" content=\"article\" \/>\n<meta property=\"og:title\" content=\"Prefab home, home leed Quebec | Medias | Energeco concept\" \/>\n<meta property=\"og:description\" content=\"Consult our media for our factory prefab homes in the Laurentians, Quebec. Contact us to learn more about our energy-efficient homes.\" \/>\n<meta property=\"og:url\" content=\"https:\/\/maisonenergeco.com\/en\/medias-prefab-home\/\" \/>\n<meta property=\"og:site_name\" content=\"Maison \u00c9nerg\u00e9co\" \/>\n<meta property=\"article:modified_time\" content=\"2018-04-12T14:44:36+00:00\" \/>\n<meta name=\"twitter:card\" content=\"summary_large_image\" \/>\n<script type=\"application\/ld+json\" class=\"yoast-schema-graph\">{\"@context\":\"https:\/\/schema.org\",\"@graph\":[{\"@type\":\"WebPage\",\"@id\":\"https:\/\/maisonenergeco.com\/en\/medias-prefab-home\/\",\"url\":\"https:\/\/maisonenergeco.com\/en\/medias-prefab-home\/\",\"name\":\"Prefab home, home leed Quebec | Medias | Energeco concept\",\"isPartOf\":{\"@id\":\"https:\/\/maisonenergeco.com\/#website\"},\"datePublished\":\"2018-03-13T16:05:29+00:00\",\"dateModified\":\"2018-04-12T14:44:36+00:00\",\"description\":\"Consult our media for our factory prefab homes in the Laurentians, Quebec. Contact us to learn more about our energy-efficient homes.\",\"breadcrumb\":{\"@id\":\"https:\/\/maisonenergeco.com\/en\/medias-prefab-home\/#breadcrumb\"},\"inLanguage\":\"en-US\",\"potentialAction\":[{\"@type\":\"ReadAction\",\"target\":[\"https:\/\/maisonenergeco.com\/en\/medias-prefab-home\/\"]}]},{\"@type\":\"BreadcrumbList\",\"@id\":\"https:\/\/maisonenergeco.com\/en\/medias-prefab-home\/#breadcrumb\",\"itemListElement\":[{\"@type\":\"ListItem\",\"position\":1,\"name\":\"Accueil\",\"item\":\"https:\/\/maisonenergeco.com\/en\/\"},{\"@type\":\"ListItem\",\"position\":2,\"name\":\"Media\"}]},{\"@type\":\"WebSite\",\"@id\":\"https:\/\/maisonenergeco.com\/#website\",\"url\":\"https:\/\/maisonenergeco.com\/\",\"name\":\"Maison \u00c9nerg\u00e9co\",\"description\":\"Maison modulaire et solaire pr\u00e9fabriqu\u00e9e\",\"potentialAction\":[{\"@type\":\"SearchAction\",\"target\":{\"@type\":\"EntryPoint\",\"urlTemplate\":\"https:\/\/maisonenergeco.com\/?s={search_term_string}\"},\"query-input\":{\"@type\":\"PropertyValueSpecification\",\"valueRequired\":true,\"valueName\":\"search_term_string\"}}],\"inLanguage\":\"en-US\"}]}<\/script>\n<!-- \/ Yoast SEO plugin. -->","yoast_head_json":{"title":"Prefab home, home leed Quebec | Medias | Energeco concept","description":"Consult our media for our factory prefab homes in the Laurentians, Quebec. Contact us to learn more about our energy-efficient homes.","robots":{"index":"index","follow":"follow","max-snippet":"max-snippet:-1","max-image-preview":"max-image-preview:large","max-video-preview":"max-video-preview:-1"},"canonical":"https:\/\/maisonenergeco.com\/en\/medias-prefab-home\/","og_locale":"en_US","og_type":"article","og_title":"Prefab home, home leed Quebec | Medias | Energeco concept","og_description":"Consult our media for our factory prefab homes in the Laurentians, Quebec. Contact us to learn more about our energy-efficient homes.","og_url":"https:\/\/maisonenergeco.com\/en\/medias-prefab-home\/","og_site_name":"Maison \u00c9nerg\u00e9co","article_modified_time":"2018-04-12T14:44:36+00:00","twitter_card":"summary_large_image","schema":{"@context":"https:\/\/schema.org","@graph":[{"@type":"WebPage","@id":"https:\/\/maisonenergeco.com\/en\/medias-prefab-home\/","url":"https:\/\/maisonenergeco.com\/en\/medias-prefab-home\/","name":"Prefab home, home leed Quebec | Medias | Energeco concept","isPartOf":{"@id":"https:\/\/maisonenergeco.com\/#website"},"datePublished":"2018-03-13T16:05:29+00:00","dateModified":"2018-04-12T14:44:36+00:00","description":"Consult our media for our factory prefab homes in the Laurentians, Quebec. Contact us to learn more about our energy-efficient homes.","breadcrumb":{"@id":"https:\/\/maisonenergeco.com\/en\/medias-prefab-home\/#breadcrumb"},"inLanguage":"en-US","potentialAction":[{"@type":"ReadAction","target":["https:\/\/maisonenergeco.com\/en\/medias-prefab-home\/"]}]},{"@type":"BreadcrumbList","@id":"https:\/\/maisonenergeco.com\/en\/medias-prefab-home\/#breadcrumb","itemListElement":[{"@type":"ListItem","position":1,"name":"Accueil","item":"https:\/\/maisonenergeco.com\/en\/"},{"@type":"ListItem","position":2,"name":"Media"}]},{"@type":"WebSite","@id":"https:\/\/maisonenergeco.com\/#website","url":"https:\/\/maisonenergeco.com\/","name":"Maison \u00c9nerg\u00e9co","description":"Maison modulaire et solaire pr\u00e9fabriqu\u00e9e","potentialAction":[{"@type":"SearchAction","target":{"@type":"EntryPoint","urlTemplate":"https:\/\/maisonenergeco.com\/?s={search_term_string}"},"query-input":{"@type":"PropertyValueSpecification","valueRequired":true,"valueName":"search_term_string"}}],"inLanguage":"en-US"}]}},"_links":{"self":[{"href":"https:\/\/maisonenergeco.com\/en\/wp-json\/wp\/v2\/pages\/789","targetHints":{"allow":["GET"]}}],"collection":[{"href":"https:\/\/maisonenergeco.com\/en\/wp-json\/wp\/v2\/pages"}],"about":[{"href":"https:\/\/maisonenergeco.com\/en\/wp-json\/wp\/v2\/types\/page"}],"author":[{"embeddable":true,"href":"https:\/\/maisonenergeco.com\/en\/wp-json\/wp\/v2\/users\/1"}],"replies":[{"embeddable":true,"href":"https:\/\/maisonenergeco.com\/en\/wp-json\/wp\/v2\/comments?post=789"}],"version-history":[{"count":3,"href":"https:\/\/maisonenergeco.com\/en\/wp-json\/wp\/v2\/pages\/789\/revisions"}],"predecessor-version":[{"id":885,"href":"https:\/\/maisonenergeco.com\/en\/wp-json\/wp\/v2\/pages\/789\/revisions\/885"}],"wp:attachment":[{"href":"https:\/\/maisonenergeco.com\/en\/wp-json\/wp\/v2\/media?parent=789"}],"curies":[{"name":"wp","href":"https:\/\/api.w.org\/{rel}","templated":true}]}}