{"id":779,"date":"2018-03-13T11:58:15","date_gmt":"2018-03-13T15:58:15","guid":{"rendered":"https:\/\/dev.maisonenergeco.com\/avantages-maison-energetique\/"},"modified":"2018-04-12T09:28:30","modified_gmt":"2018-04-12T13:28:30","slug":"advantages-energy-efficient-homes","status":"publish","type":"page","link":"https:\/\/maisonenergeco.com\/en\/advantages-energy-efficient-homes\/","title":{"rendered":"Advantages"},"content":{"rendered":"<div class=\"wpb-content-wrapper\"><p>[vc_row][vc_column][vc_column_text]<\/p>\n<h1>ENERGY-EFFICIENT HOMES AND THE ADVANTAGES<\/h1>\n<p>[\/vc_column_text][vc_empty_space height=&#8221;10px&#8221;][\/vc_column][\/vc_row][vc_row][vc_column width=&#8221;1\/2&#8243;][vc_column_text]<\/p>\n<h3>UNIQUE CONCEPT<\/h3>\n<p>The exterior and interior finishings on our energy-efficient homes are 100% factory built.<\/p>\n<p>Once the foundations are built and the modules delivered to your site, it will only be a short time before you\u2019re able to move into your new home.[\/vc_column_text][\/vc_column][vc_column width=&#8221;1\/2&#8243;][vc_single_image image=&#8221;865&#8243; img_size=&#8221;full&#8221; onclick=&#8221;img_link_large&#8221;][\/vc_column][\/vc_row][vc_row full_width=&#8221;stretch_row&#8221; css=&#8221;.vc_custom_1521731577662{background-color: #3c3a35 !important;}&#8221; el_class=&#8221;blanc&#8221;][vc_column][vc_column_text]<\/p>\n<h3 class=\"blanc\">WE CARE ABOUT SUSTAINABLE DEVELOPMENT<\/h3>\n<p>Most of the suppliers and manufacturers of our construction materials are located within 40 km of our factory in the Laurentians. All of the materials and products we use in the manufacturing of our energy-efficient homes are completely non-toxic. Because our manufacturing process is tightly controlled at all times, the quality of our constructions is flawless.[\/vc_column_text][vc_row_inner][vc_column_inner width=&#8221;1\/2&#8243;][vc_column_text css=&#8221;.vc_custom_1523387127816{padding-top: 10px !important;}&#8221;]<\/p>\n<h4>LEED certification<\/h4>\n<p>&#8211; Homes\u00a0for all budgets<\/p>\n<p>&#8211; Homes\u00a0built to last[\/vc_column_text][\/vc_column_inner][vc_column_inner width=&#8221;1\/2&#8243;][vc_single_image image=&#8221;794&#8243; img_size=&#8221;full&#8221; onclick=&#8221;custom_link&#8221; link=&#8221;https:\/\/maisonenergeco.com\/wp-content\/uploads\/2018\/04\/tableau_niveau_air-noir-en.png&#8221;][\/vc_column_inner][\/vc_row_inner][\/vc_column][\/vc_row]<\/p>\n<\/div>","protected":false},"excerpt":{"rendered":"<p>[vc_row][vc_column][vc_column_text] ENERGY-EFFICIENT HOMES AND THE ADVANTAGES [\/vc_column_text][vc_empty_space height=&#8221;10px&#8221;][\/vc_column][\/vc_row][vc_row][vc_column width=&#8221;1\/2&#8243;][vc_column_text] UNIQUE CONCEPT The exterior and interior finishings on our energy-efficient homes are 100% factory built. Once the<span class=\"excerpt-hellip\"> [\u2026]<\/span><\/p>\n","protected":false},"author":1,"featured_media":0,"parent":0,"menu_order":0,"comment_status":"closed","ping_status":"closed","template":"","meta":{"footnotes":""},"class_list":["post-779","page","type-page","status-publish","hentry"],"yoast_head":"<!-- This site is optimized with the Yoast SEO plugin v26.4 - https:\/\/yoast.com\/wordpress\/plugins\/seo\/ -->\n<title>Energy-efficient homes Quebec | Advantages | Energeco concept<\/title>\n<meta name=\"description\" content=\"The exterior and interior finishings on our energy-efficient homes are 100% factory built. Once the foundations are built and the modules delivered to your site, it will only be a short time before you\u2019re able to move into your new home.\" \/>\n<meta name=\"robots\" content=\"index, follow, max-snippet:-1, max-image-preview:large, max-video-preview:-1\" \/>\n<link rel=\"canonical\" href=\"https:\/\/maisonenergeco.com\/en\/advantages-energy-efficient-homes\/\" \/>\n<meta property=\"og:locale\" content=\"en_US\" \/>\n<meta property=\"og:type\" content=\"article\" \/>\n<meta property=\"og:title\" content=\"Energy-efficient homes Quebec | Advantages | Energeco concept\" \/>\n<meta property=\"og:description\" content=\"The exterior and interior finishings on our energy-efficient homes are 100% factory built. Once the foundations are built and the modules delivered to your site, it will only be a short time before you\u2019re able to move into your new home.\" \/>\n<meta property=\"og:url\" content=\"https:\/\/maisonenergeco.com\/en\/advantages-energy-efficient-homes\/\" \/>\n<meta property=\"og:site_name\" content=\"Maison \u00c9nerg\u00e9co\" \/>\n<meta property=\"article:modified_time\" content=\"2018-04-12T13:28:30+00:00\" \/>\n<meta name=\"twitter:card\" content=\"summary_large_image\" \/>\n<meta name=\"twitter:label1\" content=\"Est. reading time\" \/>\n\t<meta name=\"twitter:data1\" content=\"1 minute\" \/>\n<script type=\"application\/ld+json\" class=\"yoast-schema-graph\">{\"@context\":\"https:\/\/schema.org\",\"@graph\":[{\"@type\":\"WebPage\",\"@id\":\"https:\/\/maisonenergeco.com\/en\/advantages-energy-efficient-homes\/\",\"url\":\"https:\/\/maisonenergeco.com\/en\/advantages-energy-efficient-homes\/\",\"name\":\"Energy-efficient homes Quebec | Advantages | Energeco concept\",\"isPartOf\":{\"@id\":\"https:\/\/maisonenergeco.com\/#website\"},\"datePublished\":\"2018-03-13T15:58:15+00:00\",\"dateModified\":\"2018-04-12T13:28:30+00:00\",\"description\":\"The exterior and interior finishings on our energy-efficient homes are 100% factory built. Once the foundations are built and the modules delivered to your site, it will only be a short time before you\u2019re able to move into your new home.\",\"breadcrumb\":{\"@id\":\"https:\/\/maisonenergeco.com\/en\/advantages-energy-efficient-homes\/#breadcrumb\"},\"inLanguage\":\"en-US\",\"potentialAction\":[{\"@type\":\"ReadAction\",\"target\":[\"https:\/\/maisonenergeco.com\/en\/advantages-energy-efficient-homes\/\"]}]},{\"@type\":\"BreadcrumbList\",\"@id\":\"https:\/\/maisonenergeco.com\/en\/advantages-energy-efficient-homes\/#breadcrumb\",\"itemListElement\":[{\"@type\":\"ListItem\",\"position\":1,\"name\":\"Accueil\",\"item\":\"https:\/\/maisonenergeco.com\/en\/\"},{\"@type\":\"ListItem\",\"position\":2,\"name\":\"Advantages\"}]},{\"@type\":\"WebSite\",\"@id\":\"https:\/\/maisonenergeco.com\/#website\",\"url\":\"https:\/\/maisonenergeco.com\/\",\"name\":\"Maison \u00c9nerg\u00e9co\",\"description\":\"Maison modulaire et solaire pr\u00e9fabriqu\u00e9e\",\"potentialAction\":[{\"@type\":\"SearchAction\",\"target\":{\"@type\":\"EntryPoint\",\"urlTemplate\":\"https:\/\/maisonenergeco.com\/?s={search_term_string}\"},\"query-input\":{\"@type\":\"PropertyValueSpecification\",\"valueRequired\":true,\"valueName\":\"search_term_string\"}}],\"inLanguage\":\"en-US\"}]}<\/script>\n<!-- \/ Yoast SEO plugin. -->","yoast_head_json":{"title":"Energy-efficient homes Quebec | Advantages | Energeco concept","description":"The exterior and interior finishings on our energy-efficient homes are 100% factory built. Once the foundations are built and the modules delivered to your site, it will only be a short time before you\u2019re able to move into your new home.","robots":{"index":"index","follow":"follow","max-snippet":"max-snippet:-1","max-image-preview":"max-image-preview:large","max-video-preview":"max-video-preview:-1"},"canonical":"https:\/\/maisonenergeco.com\/en\/advantages-energy-efficient-homes\/","og_locale":"en_US","og_type":"article","og_title":"Energy-efficient homes Quebec | Advantages | Energeco concept","og_description":"The exterior and interior finishings on our energy-efficient homes are 100% factory built. Once the foundations are built and the modules delivered to your site, it will only be a short time before you\u2019re able to move into your new home.","og_url":"https:\/\/maisonenergeco.com\/en\/advantages-energy-efficient-homes\/","og_site_name":"Maison \u00c9nerg\u00e9co","article_modified_time":"2018-04-12T13:28:30+00:00","twitter_card":"summary_large_image","twitter_misc":{"Est. reading time":"1 minute"},"schema":{"@context":"https:\/\/schema.org","@graph":[{"@type":"WebPage","@id":"https:\/\/maisonenergeco.com\/en\/advantages-energy-efficient-homes\/","url":"https:\/\/maisonenergeco.com\/en\/advantages-energy-efficient-homes\/","name":"Energy-efficient homes Quebec | Advantages | Energeco concept","isPartOf":{"@id":"https:\/\/maisonenergeco.com\/#website"},"datePublished":"2018-03-13T15:58:15+00:00","dateModified":"2018-04-12T13:28:30+00:00","description":"The exterior and interior finishings on our energy-efficient homes are 100% factory built. Once the foundations are built and the modules delivered to your site, it will only be a short time before you\u2019re able to move into your new home.","breadcrumb":{"@id":"https:\/\/maisonenergeco.com\/en\/advantages-energy-efficient-homes\/#breadcrumb"},"inLanguage":"en-US","potentialAction":[{"@type":"ReadAction","target":["https:\/\/maisonenergeco.com\/en\/advantages-energy-efficient-homes\/"]}]},{"@type":"BreadcrumbList","@id":"https:\/\/maisonenergeco.com\/en\/advantages-energy-efficient-homes\/#breadcrumb","itemListElement":[{"@type":"ListItem","position":1,"name":"Accueil","item":"https:\/\/maisonenergeco.com\/en\/"},{"@type":"ListItem","position":2,"name":"Advantages"}]},{"@type":"WebSite","@id":"https:\/\/maisonenergeco.com\/#website","url":"https:\/\/maisonenergeco.com\/","name":"Maison \u00c9nerg\u00e9co","description":"Maison modulaire et solaire pr\u00e9fabriqu\u00e9e","potentialAction":[{"@type":"SearchAction","target":{"@type":"EntryPoint","urlTemplate":"https:\/\/maisonenergeco.com\/?s={search_term_string}"},"query-input":{"@type":"PropertyValueSpecification","valueRequired":true,"valueName":"search_term_string"}}],"inLanguage":"en-US"}]}},"_links":{"self":[{"href":"https:\/\/maisonenergeco.com\/en\/wp-json\/wp\/v2\/pages\/779","targetHints":{"allow":["GET"]}}],"collection":[{"href":"https:\/\/maisonenergeco.com\/en\/wp-json\/wp\/v2\/pages"}],"about":[{"href":"https:\/\/maisonenergeco.com\/en\/wp-json\/wp\/v2\/types\/page"}],"author":[{"embeddable":true,"href":"https:\/\/maisonenergeco.com\/en\/wp-json\/wp\/v2\/users\/1"}],"replies":[{"embeddable":true,"href":"https:\/\/maisonenergeco.com\/en\/wp-json\/wp\/v2\/comments?post=779"}],"version-history":[{"count":4,"href":"https:\/\/maisonenergeco.com\/en\/wp-json\/wp\/v2\/pages\/779\/revisions"}],"predecessor-version":[{"id":867,"href":"https:\/\/maisonenergeco.com\/en\/wp-json\/wp\/v2\/pages\/779\/revisions\/867"}],"wp:attachment":[{"href":"https:\/\/maisonenergeco.com\/en\/wp-json\/wp\/v2\/media?parent=779"}],"curies":[{"name":"wp","href":"https:\/\/api.w.org\/{rel}","templated":true}]}}