{"id":760,"date":"2018-03-14T11:16:58","date_gmt":"2018-03-14T15:16:58","guid":{"rendered":"https:\/\/dev.maisonenergeco.com\/about\/certifications-maisons-leed\/"},"modified":"2021-05-04T10:01:07","modified_gmt":"2021-05-04T14:01:07","slug":"home-certification","status":"publish","type":"page","link":"https:\/\/maisonenergeco.com\/en\/about\/home-certification\/","title":{"rendered":"Certifications"},"content":{"rendered":"<div class=\"wpb-content-wrapper\"><p>[vc_row][vc_column][vc_column_text]<\/p>\n<h1>THE CERTIFICATIONS QU\u00c9BEC AND ONTARIO<\/h1>\n<p>Our \u00c9NERGECO prefab homes comply with CSA Standard A-277-16 and are LEED certified. We care about the workmanship and finishing of your home.<\/p>\n<p><strong>All of our buildings are LEED certified to the highest standard.<\/strong>[\/vc_column_text][vc_row_inner][vc_column_inner width=&#8221;1\/6&#8243;][vc_single_image image=&#8221;310&#8243; img_size=&#8221;full&#8221;][\/vc_column_inner][vc_column_inner width=&#8221;1\/6&#8243;][\/vc_column_inner][vc_column_inner width=&#8221;1\/6&#8243;][\/vc_column_inner][vc_column_inner width=&#8221;1\/6&#8243;][\/vc_column_inner][vc_column_inner width=&#8221;1\/6&#8243;][\/vc_column_inner][vc_column_inner width=&#8221;1\/6&#8243;][\/vc_column_inner][\/vc_row_inner][\/vc_column][\/vc_row][vc_row full_width=&#8221;stretch_row&#8221; content_placement=&#8221;middle&#8221; css=&#8221;.vc_custom_1521572173962{background-color: #3c3a35 !important;}&#8221;][vc_column width=&#8221;1\/2&#8243; el_class=&#8221;point-accueil&#8221;][vc_text_separator title=&#8221;Our manufacturing specifications exceed the conventional standards :&#8221; title_align=&#8221;separator_align_left&#8221; color=&#8221;custom&#8221; border_width=&#8221;2&#8243; accent_color=&#8221;#3c3a35&#8243; el_class=&#8221;titre-centre&#8221; css=&#8221;.vc_custom_1523386502959{padding-top: 10px !important;padding-bottom: 15px !important;}&#8221;][vc_text_separator title=&#8221;R-60 floor insulation (required depending on the model)&#8221; i_type=&#8221;entypo&#8221; i_icon_entypo=&#8221;entypo-icon entypo-icon-check&#8221; i_color=&#8221;custom&#8221; title_align=&#8221;separator_align_left&#8221; align=&#8221;align_left&#8221; color=&#8221;custom&#8221; add_icon=&#8221;true&#8221; i_custom_color=&#8221;#9dad20&#8243; accent_color=&#8221;#3c3a35&#8243;][vc_text_separator title=&#8221;R-45 wall insulation&#8221; i_type=&#8221;entypo&#8221; i_icon_entypo=&#8221;entypo-icon entypo-icon-check&#8221; i_color=&#8221;custom&#8221; title_align=&#8221;separator_align_left&#8221; align=&#8221;align_left&#8221; color=&#8221;custom&#8221; add_icon=&#8221;true&#8221; i_custom_color=&#8221;#9dad20&#8243; accent_color=&#8221;#3c3a35&#8243;][vc_text_separator title=&#8221;R-60 ceiling insulation&#8221; i_type=&#8221;entypo&#8221; i_icon_entypo=&#8221;entypo-icon entypo-icon-check&#8221; i_color=&#8221;custom&#8221; title_align=&#8221;separator_align_left&#8221; align=&#8221;align_left&#8221; color=&#8221;custom&#8221; add_icon=&#8221;true&#8221; i_custom_color=&#8221;#9dad20&#8243; accent_color=&#8221;#3c3a35&#8243;][vc_text_separator title=&#8221;High-strength floor and roof structures&#8221; i_type=&#8221;entypo&#8221; i_icon_entypo=&#8221;entypo-icon entypo-icon-check&#8221; i_color=&#8221;custom&#8221; title_align=&#8221;separator_align_left&#8221; align=&#8221;align_left&#8221; color=&#8221;custom&#8221; add_icon=&#8221;true&#8221; i_custom_color=&#8221;#9dad20&#8243; accent_color=&#8221;#3c3a35&#8243;][vc_text_separator title=&#8221;Structures certified to support three levels&#8221; i_type=&#8221;entypo&#8221; i_icon_entypo=&#8221;entypo-icon entypo-icon-check&#8221; i_color=&#8221;custom&#8221; title_align=&#8221;separator_align_left&#8221; align=&#8221;align_left&#8221; color=&#8221;custom&#8221; add_icon=&#8221;true&#8221; i_custom_color=&#8221;#9dad20&#8243; accent_color=&#8221;#3c3a35&#8243;][\/vc_column][vc_column width=&#8221;1\/2&#8243;][vc_single_image image=&#8221;385&#8243; img_size=&#8221;full&#8221; css=&#8221;.vc_custom_1521572151899{margin-bottom: 0px !important;}&#8221;][\/vc_column][\/vc_row]<\/p>\n<\/div>","protected":false},"excerpt":{"rendered":"<p>[vc_row][vc_column][vc_column_text] THE CERTIFICATIONS QU\u00c9BEC AND ONTARIO Our \u00c9NERGECO prefab homes comply with CSA Standard A-277-16 and are LEED certified. We care about the workmanship and finishing<span class=\"excerpt-hellip\"> [\u2026]<\/span><\/p>\n","protected":false},"author":1,"featured_media":0,"parent":726,"menu_order":0,"comment_status":"closed","ping_status":"closed","template":"","meta":{"footnotes":""},"class_list":["post-760","page","type-page","status-publish","hentry"],"yoast_head":"<!-- This site is optimized with the Yoast SEO plugin v26.4 - https:\/\/yoast.com\/wordpress\/plugins\/seo\/ -->\n<title>home leed and certification Qu\u00e9bec | Energeco concept<\/title>\n<meta name=\"description\" content=\"Our \u00c9NERGECO prefab homes comply with CSA Standard A-277-16 and are LEED certified. We care about the workmanship and finishing of your home.\" \/>\n<meta name=\"robots\" content=\"index, follow, max-snippet:-1, max-image-preview:large, max-video-preview:-1\" \/>\n<link rel=\"canonical\" href=\"https:\/\/maisonenergeco.com\/en\/about\/home-certification\/\" \/>\n<meta property=\"og:locale\" content=\"en_US\" \/>\n<meta property=\"og:type\" content=\"article\" \/>\n<meta property=\"og:title\" content=\"home leed and certification Qu\u00e9bec | Energeco concept\" \/>\n<meta property=\"og:description\" content=\"Our \u00c9NERGECO prefab homes comply with CSA Standard A-277-16 and are LEED certified. We care about the workmanship and finishing of your home.\" \/>\n<meta property=\"og:url\" content=\"https:\/\/maisonenergeco.com\/en\/about\/home-certification\/\" \/>\n<meta property=\"og:site_name\" content=\"Maison \u00c9nerg\u00e9co\" \/>\n<meta property=\"article:modified_time\" content=\"2021-05-04T14:01:07+00:00\" \/>\n<meta name=\"twitter:card\" content=\"summary_large_image\" \/>\n<meta name=\"twitter:label1\" content=\"Est. reading time\" \/>\n\t<meta name=\"twitter:data1\" content=\"2 minutes\" \/>\n<script type=\"application\/ld+json\" class=\"yoast-schema-graph\">{\"@context\":\"https:\/\/schema.org\",\"@graph\":[{\"@type\":\"WebPage\",\"@id\":\"https:\/\/maisonenergeco.com\/en\/about\/home-certification\/\",\"url\":\"https:\/\/maisonenergeco.com\/en\/about\/home-certification\/\",\"name\":\"home leed and certification Qu\u00e9bec | Energeco concept\",\"isPartOf\":{\"@id\":\"https:\/\/maisonenergeco.com\/#website\"},\"datePublished\":\"2018-03-14T15:16:58+00:00\",\"dateModified\":\"2021-05-04T14:01:07+00:00\",\"description\":\"Our \u00c9NERGECO prefab homes comply with CSA Standard A-277-16 and are LEED certified. We care about the workmanship and finishing of your home.\",\"breadcrumb\":{\"@id\":\"https:\/\/maisonenergeco.com\/en\/about\/home-certification\/#breadcrumb\"},\"inLanguage\":\"en-US\",\"potentialAction\":[{\"@type\":\"ReadAction\",\"target\":[\"https:\/\/maisonenergeco.com\/en\/about\/home-certification\/\"]}]},{\"@type\":\"BreadcrumbList\",\"@id\":\"https:\/\/maisonenergeco.com\/en\/about\/home-certification\/#breadcrumb\",\"itemListElement\":[{\"@type\":\"ListItem\",\"position\":1,\"name\":\"Accueil\",\"item\":\"https:\/\/maisonenergeco.com\/en\/\"},{\"@type\":\"ListItem\",\"position\":2,\"name\":\"About\",\"item\":\"https:\/\/maisonenergeco.com\/en\/\"},{\"@type\":\"ListItem\",\"position\":3,\"name\":\"Certifications\"}]},{\"@type\":\"WebSite\",\"@id\":\"https:\/\/maisonenergeco.com\/#website\",\"url\":\"https:\/\/maisonenergeco.com\/\",\"name\":\"Maison \u00c9nerg\u00e9co\",\"description\":\"Maison modulaire et solaire pr\u00e9fabriqu\u00e9e\",\"potentialAction\":[{\"@type\":\"SearchAction\",\"target\":{\"@type\":\"EntryPoint\",\"urlTemplate\":\"https:\/\/maisonenergeco.com\/?s={search_term_string}\"},\"query-input\":{\"@type\":\"PropertyValueSpecification\",\"valueRequired\":true,\"valueName\":\"search_term_string\"}}],\"inLanguage\":\"en-US\"}]}<\/script>\n<!-- \/ Yoast SEO plugin. -->","yoast_head_json":{"title":"home leed and certification Qu\u00e9bec | Energeco concept","description":"Our \u00c9NERGECO prefab homes comply with CSA Standard A-277-16 and are LEED certified. We care about the workmanship and finishing of your home.","robots":{"index":"index","follow":"follow","max-snippet":"max-snippet:-1","max-image-preview":"max-image-preview:large","max-video-preview":"max-video-preview:-1"},"canonical":"https:\/\/maisonenergeco.com\/en\/about\/home-certification\/","og_locale":"en_US","og_type":"article","og_title":"home leed and certification Qu\u00e9bec | Energeco concept","og_description":"Our \u00c9NERGECO prefab homes comply with CSA Standard A-277-16 and are LEED certified. We care about the workmanship and finishing of your home.","og_url":"https:\/\/maisonenergeco.com\/en\/about\/home-certification\/","og_site_name":"Maison \u00c9nerg\u00e9co","article_modified_time":"2021-05-04T14:01:07+00:00","twitter_card":"summary_large_image","twitter_misc":{"Est. reading time":"2 minutes"},"schema":{"@context":"https:\/\/schema.org","@graph":[{"@type":"WebPage","@id":"https:\/\/maisonenergeco.com\/en\/about\/home-certification\/","url":"https:\/\/maisonenergeco.com\/en\/about\/home-certification\/","name":"home leed and certification Qu\u00e9bec | Energeco concept","isPartOf":{"@id":"https:\/\/maisonenergeco.com\/#website"},"datePublished":"2018-03-14T15:16:58+00:00","dateModified":"2021-05-04T14:01:07+00:00","description":"Our \u00c9NERGECO prefab homes comply with CSA Standard A-277-16 and are LEED certified. We care about the workmanship and finishing of your home.","breadcrumb":{"@id":"https:\/\/maisonenergeco.com\/en\/about\/home-certification\/#breadcrumb"},"inLanguage":"en-US","potentialAction":[{"@type":"ReadAction","target":["https:\/\/maisonenergeco.com\/en\/about\/home-certification\/"]}]},{"@type":"BreadcrumbList","@id":"https:\/\/maisonenergeco.com\/en\/about\/home-certification\/#breadcrumb","itemListElement":[{"@type":"ListItem","position":1,"name":"Accueil","item":"https:\/\/maisonenergeco.com\/en\/"},{"@type":"ListItem","position":2,"name":"About","item":"https:\/\/maisonenergeco.com\/en\/"},{"@type":"ListItem","position":3,"name":"Certifications"}]},{"@type":"WebSite","@id":"https:\/\/maisonenergeco.com\/#website","url":"https:\/\/maisonenergeco.com\/","name":"Maison \u00c9nerg\u00e9co","description":"Maison modulaire et solaire pr\u00e9fabriqu\u00e9e","potentialAction":[{"@type":"SearchAction","target":{"@type":"EntryPoint","urlTemplate":"https:\/\/maisonenergeco.com\/?s={search_term_string}"},"query-input":{"@type":"PropertyValueSpecification","valueRequired":true,"valueName":"search_term_string"}}],"inLanguage":"en-US"}]}},"_links":{"self":[{"href":"https:\/\/maisonenergeco.com\/en\/wp-json\/wp\/v2\/pages\/760","targetHints":{"allow":["GET"]}}],"collection":[{"href":"https:\/\/maisonenergeco.com\/en\/wp-json\/wp\/v2\/pages"}],"about":[{"href":"https:\/\/maisonenergeco.com\/en\/wp-json\/wp\/v2\/types\/page"}],"author":[{"embeddable":true,"href":"https:\/\/maisonenergeco.com\/en\/wp-json\/wp\/v2\/users\/1"}],"replies":[{"embeddable":true,"href":"https:\/\/maisonenergeco.com\/en\/wp-json\/wp\/v2\/comments?post=760"}],"version-history":[{"count":6,"href":"https:\/\/maisonenergeco.com\/en\/wp-json\/wp\/v2\/pages\/760\/revisions"}],"predecessor-version":[{"id":1322,"href":"https:\/\/maisonenergeco.com\/en\/wp-json\/wp\/v2\/pages\/760\/revisions\/1322"}],"up":[{"embeddable":true,"href":"https:\/\/maisonenergeco.com\/en\/wp-json\/wp\/v2\/pages\/726"}],"wp:attachment":[{"href":"https:\/\/maisonenergeco.com\/en\/wp-json\/wp\/v2\/media?parent=760"}],"curies":[{"name":"wp","href":"https:\/\/api.w.org\/{rel}","templated":true}]}}