{"id":748,"date":"2018-03-14T11:15:58","date_gmt":"2018-03-14T15:15:58","guid":{"rendered":"https:\/\/dev.maisonenergeco.com\/about\/maison-usinee-quebec\/"},"modified":"2021-05-04T09:57:21","modified_gmt":"2021-05-04T13:57:21","slug":"housing-factory-quebec","status":"publish","type":"page","link":"https:\/\/maisonenergeco.com\/en\/about\/housing-factory-quebec\/","title":{"rendered":"The factory"},"content":{"rendered":"<div class=\"wpb-content-wrapper\"><p>[vc_row][vc_column width=&#8221;1\/2&#8243;][vc_column_text]<\/p>\n<h1>PREFAB HOME FACTORY<\/h1>\n<p>The factory is designed and adapted for the fast and efficient production of housing modules. The process is unique to \u00c9NERG\u00c9CO CONCEPT.[\/vc_column_text][vc_btn title=&#8221;See the advantages of our modular homes&#8221; style=&#8221;custom&#8221; custom_background=&#8221;#a9ba22&#8243; custom_text=&#8221;#ffffff&#8221; shape=&#8221;square&#8221; align=&#8221;left&#8221; link=&#8221;url:%2Fen%2Fadvantages-energy-efficient-homes%2F|||&#8221;][\/vc_column][vc_column width=&#8221;1\/2&#8243;][vc_video link=&#8221;https:\/\/www.youtube.com\/watch?v=LcocmJruWqI&#8221; align=&#8221;center&#8221;][\/vc_column][\/vc_row][vc_row][vc_column][vc_masonry_media_grid initial_loading_animation=&#8221;none&#8221; grid_id=&#8221;vc_gid:1620136630294-8b88bb4d-4c70-3&#8243; include=&#8221;589,591,593,595,597,599&#8243;][\/vc_column][\/vc_row]<\/p>\n<\/div>","protected":false},"excerpt":{"rendered":"<p>[vc_row][vc_column width=&#8221;1\/2&#8243;][vc_column_text] PREFAB HOME FACTORY The factory is designed and adapted for the fast and efficient production of housing modules. The process is unique to \u00c9NERG\u00c9CO<span class=\"excerpt-hellip\"> [\u2026]<\/span><\/p>\n","protected":false},"author":1,"featured_media":0,"parent":726,"menu_order":0,"comment_status":"closed","ping_status":"closed","template":"","meta":{"footnotes":""},"class_list":["post-748","page","type-page","status-publish","hentry"],"yoast_head":"<!-- This site is optimized with the Yoast SEO plugin v26.4 - https:\/\/yoast.com\/wordpress\/plugins\/seo\/ -->\n<title>Prefab home Quebec | factory-Built | Energeco concept<\/title>\n<meta name=\"description\" content=\"The factory is designed and adapted for the fast and efficient production of housing modules. The process is unique to \u00c9NERG\u00c9CO CONCEPT.\" \/>\n<meta name=\"robots\" content=\"index, follow, max-snippet:-1, max-image-preview:large, max-video-preview:-1\" \/>\n<link rel=\"canonical\" href=\"https:\/\/maisonenergeco.com\/en\/about\/housing-factory-quebec\/\" \/>\n<meta property=\"og:locale\" content=\"en_US\" \/>\n<meta property=\"og:type\" content=\"article\" \/>\n<meta property=\"og:title\" content=\"Prefab home Quebec | factory-Built | Energeco concept\" \/>\n<meta property=\"og:description\" content=\"The factory is designed and adapted for the fast and efficient production of housing modules. The process is unique to \u00c9NERG\u00c9CO CONCEPT.\" \/>\n<meta property=\"og:url\" content=\"https:\/\/maisonenergeco.com\/en\/about\/housing-factory-quebec\/\" \/>\n<meta property=\"og:site_name\" content=\"Maison \u00c9nerg\u00e9co\" \/>\n<meta property=\"article:modified_time\" content=\"2021-05-04T13:57:21+00:00\" \/>\n<meta name=\"twitter:card\" content=\"summary_large_image\" \/>\n<meta name=\"twitter:label1\" content=\"Est. reading time\" \/>\n\t<meta name=\"twitter:data1\" content=\"1 minute\" \/>\n<script type=\"application\/ld+json\" class=\"yoast-schema-graph\">{\"@context\":\"https:\/\/schema.org\",\"@graph\":[{\"@type\":\"WebPage\",\"@id\":\"https:\/\/maisonenergeco.com\/en\/about\/housing-factory-quebec\/\",\"url\":\"https:\/\/maisonenergeco.com\/en\/about\/housing-factory-quebec\/\",\"name\":\"Prefab home Quebec | factory-Built | Energeco concept\",\"isPartOf\":{\"@id\":\"https:\/\/maisonenergeco.com\/#website\"},\"datePublished\":\"2018-03-14T15:15:58+00:00\",\"dateModified\":\"2021-05-04T13:57:21+00:00\",\"description\":\"The factory is designed and adapted for the fast and efficient production of housing modules. The process is unique to \u00c9NERG\u00c9CO CONCEPT.\",\"breadcrumb\":{\"@id\":\"https:\/\/maisonenergeco.com\/en\/about\/housing-factory-quebec\/#breadcrumb\"},\"inLanguage\":\"en-US\",\"potentialAction\":[{\"@type\":\"ReadAction\",\"target\":[\"https:\/\/maisonenergeco.com\/en\/about\/housing-factory-quebec\/\"]}]},{\"@type\":\"BreadcrumbList\",\"@id\":\"https:\/\/maisonenergeco.com\/en\/about\/housing-factory-quebec\/#breadcrumb\",\"itemListElement\":[{\"@type\":\"ListItem\",\"position\":1,\"name\":\"Accueil\",\"item\":\"https:\/\/maisonenergeco.com\/en\/\"},{\"@type\":\"ListItem\",\"position\":2,\"name\":\"About\",\"item\":\"https:\/\/maisonenergeco.com\/en\/\"},{\"@type\":\"ListItem\",\"position\":3,\"name\":\"The factory\"}]},{\"@type\":\"WebSite\",\"@id\":\"https:\/\/maisonenergeco.com\/#website\",\"url\":\"https:\/\/maisonenergeco.com\/\",\"name\":\"Maison \u00c9nerg\u00e9co\",\"description\":\"Maison modulaire et solaire pr\u00e9fabriqu\u00e9e\",\"potentialAction\":[{\"@type\":\"SearchAction\",\"target\":{\"@type\":\"EntryPoint\",\"urlTemplate\":\"https:\/\/maisonenergeco.com\/?s={search_term_string}\"},\"query-input\":{\"@type\":\"PropertyValueSpecification\",\"valueRequired\":true,\"valueName\":\"search_term_string\"}}],\"inLanguage\":\"en-US\"}]}<\/script>\n<!-- \/ Yoast SEO plugin. -->","yoast_head_json":{"title":"Prefab home Quebec | factory-Built | Energeco concept","description":"The factory is designed and adapted for the fast and efficient production of housing modules. The process is unique to \u00c9NERG\u00c9CO CONCEPT.","robots":{"index":"index","follow":"follow","max-snippet":"max-snippet:-1","max-image-preview":"max-image-preview:large","max-video-preview":"max-video-preview:-1"},"canonical":"https:\/\/maisonenergeco.com\/en\/about\/housing-factory-quebec\/","og_locale":"en_US","og_type":"article","og_title":"Prefab home Quebec | factory-Built | Energeco concept","og_description":"The factory is designed and adapted for the fast and efficient production of housing modules. The process is unique to \u00c9NERG\u00c9CO CONCEPT.","og_url":"https:\/\/maisonenergeco.com\/en\/about\/housing-factory-quebec\/","og_site_name":"Maison \u00c9nerg\u00e9co","article_modified_time":"2021-05-04T13:57:21+00:00","twitter_card":"summary_large_image","twitter_misc":{"Est. reading time":"1 minute"},"schema":{"@context":"https:\/\/schema.org","@graph":[{"@type":"WebPage","@id":"https:\/\/maisonenergeco.com\/en\/about\/housing-factory-quebec\/","url":"https:\/\/maisonenergeco.com\/en\/about\/housing-factory-quebec\/","name":"Prefab home Quebec | factory-Built | Energeco concept","isPartOf":{"@id":"https:\/\/maisonenergeco.com\/#website"},"datePublished":"2018-03-14T15:15:58+00:00","dateModified":"2021-05-04T13:57:21+00:00","description":"The factory is designed and adapted for the fast and efficient production of housing modules. The process is unique to \u00c9NERG\u00c9CO CONCEPT.","breadcrumb":{"@id":"https:\/\/maisonenergeco.com\/en\/about\/housing-factory-quebec\/#breadcrumb"},"inLanguage":"en-US","potentialAction":[{"@type":"ReadAction","target":["https:\/\/maisonenergeco.com\/en\/about\/housing-factory-quebec\/"]}]},{"@type":"BreadcrumbList","@id":"https:\/\/maisonenergeco.com\/en\/about\/housing-factory-quebec\/#breadcrumb","itemListElement":[{"@type":"ListItem","position":1,"name":"Accueil","item":"https:\/\/maisonenergeco.com\/en\/"},{"@type":"ListItem","position":2,"name":"About","item":"https:\/\/maisonenergeco.com\/en\/"},{"@type":"ListItem","position":3,"name":"The factory"}]},{"@type":"WebSite","@id":"https:\/\/maisonenergeco.com\/#website","url":"https:\/\/maisonenergeco.com\/","name":"Maison \u00c9nerg\u00e9co","description":"Maison modulaire et solaire pr\u00e9fabriqu\u00e9e","potentialAction":[{"@type":"SearchAction","target":{"@type":"EntryPoint","urlTemplate":"https:\/\/maisonenergeco.com\/?s={search_term_string}"},"query-input":{"@type":"PropertyValueSpecification","valueRequired":true,"valueName":"search_term_string"}}],"inLanguage":"en-US"}]}},"_links":{"self":[{"href":"https:\/\/maisonenergeco.com\/en\/wp-json\/wp\/v2\/pages\/748","targetHints":{"allow":["GET"]}}],"collection":[{"href":"https:\/\/maisonenergeco.com\/en\/wp-json\/wp\/v2\/pages"}],"about":[{"href":"https:\/\/maisonenergeco.com\/en\/wp-json\/wp\/v2\/types\/page"}],"author":[{"embeddable":true,"href":"https:\/\/maisonenergeco.com\/en\/wp-json\/wp\/v2\/users\/1"}],"replies":[{"embeddable":true,"href":"https:\/\/maisonenergeco.com\/en\/wp-json\/wp\/v2\/comments?post=748"}],"version-history":[{"count":5,"href":"https:\/\/maisonenergeco.com\/en\/wp-json\/wp\/v2\/pages\/748\/revisions"}],"predecessor-version":[{"id":1319,"href":"https:\/\/maisonenergeco.com\/en\/wp-json\/wp\/v2\/pages\/748\/revisions\/1319"}],"up":[{"embeddable":true,"href":"https:\/\/maisonenergeco.com\/en\/wp-json\/wp\/v2\/pages\/726"}],"wp:attachment":[{"href":"https:\/\/maisonenergeco.com\/en\/wp-json\/wp\/v2\/media?parent=748"}],"curies":[{"name":"wp","href":"https:\/\/api.w.org\/{rel}","templated":true}]}}