{"id":736,"date":"2018-03-14T11:14:34","date_gmt":"2018-03-14T15:14:34","guid":{"rendered":"https:\/\/dev.maisonenergeco.com\/about\/fondateur-maison-modulaire\/"},"modified":"2021-05-04T09:55:01","modified_gmt":"2021-05-04T13:55:01","slug":"founder-home-construction","status":"publish","type":"page","link":"https:\/\/maisonenergeco.com\/en\/about\/founder-home-construction\/","title":{"rendered":"The Founder"},"content":{"rendered":"<div class=\"wpb-content-wrapper\"><p>[vc_row][vc_column width=&#8221;1\/2&#8243;][vc_column_text]<\/p>\n<h1>MODULAR HOME CONSTRUCTION<strong><br \/>\n<\/strong><\/h1>\n<p>With more than 40 years of experience in construction and the management of building sites in Qu\u00e9bec and France, Alain Culis has a strong background in sustainable development, having worked on several visionary projects where environmental protection was a primary concern. He has also worked on projects to preserve heritage buildings, managed large-scale road construction sites, developed high-performance construction materials, and managed major industrial and real estate projects.[\/vc_column_text][\/vc_column][vc_column width=&#8221;1\/2&#8243;][vc_single_image image=&#8221;404&#8243; img_size=&#8221;large&#8221;][\/vc_column][\/vc_row]<\/p>\n<\/div>","protected":false},"excerpt":{"rendered":"<p>[vc_row][vc_column width=&#8221;1\/2&#8243;][vc_column_text] MODULAR HOME CONSTRUCTION With more than 40 years of experience in construction and the management of building sites in Qu\u00e9bec and France, Alain Culis<span class=\"excerpt-hellip\"> [\u2026]<\/span><\/p>\n","protected":false},"author":1,"featured_media":0,"parent":726,"menu_order":0,"comment_status":"closed","ping_status":"closed","template":"","meta":{"footnotes":""},"class_list":["post-736","page","type-page","status-publish","hentry"],"yoast_head":"<!-- This site is optimized with the Yoast SEO plugin v26.4 - https:\/\/yoast.com\/wordpress\/plugins\/seo\/ -->\n<title>Modular home construction | Founder | Energeco concept<\/title>\n<meta name=\"description\" content=\"With more than 30 years of experience in construction and the management of building sites in Qu\u00e9bec and France, Alain Culis has a strong background in sustainable development, having worked on several visionary projects where environmental protection was a primary concern.\" \/>\n<meta name=\"robots\" content=\"index, follow, max-snippet:-1, max-image-preview:large, max-video-preview:-1\" \/>\n<link rel=\"canonical\" href=\"https:\/\/maisonenergeco.com\/en\/about\/founder-home-construction\/\" \/>\n<meta property=\"og:locale\" content=\"en_US\" \/>\n<meta property=\"og:type\" content=\"article\" \/>\n<meta property=\"og:title\" content=\"Modular home construction | Founder | Energeco concept\" \/>\n<meta property=\"og:description\" content=\"With more than 30 years of experience in construction and the management of building sites in Qu\u00e9bec and France, Alain Culis has a strong background in sustainable development, having worked on several visionary projects where environmental protection was a primary concern.\" \/>\n<meta property=\"og:url\" content=\"https:\/\/maisonenergeco.com\/en\/about\/founder-home-construction\/\" \/>\n<meta property=\"og:site_name\" content=\"Maison \u00c9nerg\u00e9co\" \/>\n<meta property=\"article:modified_time\" content=\"2021-05-04T13:55:01+00:00\" \/>\n<meta name=\"twitter:card\" content=\"summary_large_image\" \/>\n<script type=\"application\/ld+json\" class=\"yoast-schema-graph\">{\"@context\":\"https:\/\/schema.org\",\"@graph\":[{\"@type\":\"WebPage\",\"@id\":\"https:\/\/maisonenergeco.com\/en\/about\/founder-home-construction\/\",\"url\":\"https:\/\/maisonenergeco.com\/en\/about\/founder-home-construction\/\",\"name\":\"Modular home construction | Founder | Energeco concept\",\"isPartOf\":{\"@id\":\"https:\/\/maisonenergeco.com\/#website\"},\"datePublished\":\"2018-03-14T15:14:34+00:00\",\"dateModified\":\"2021-05-04T13:55:01+00:00\",\"description\":\"With more than 30 years of experience in construction and the management of building sites in Qu\u00e9bec and France, Alain Culis has a strong background in sustainable development, having worked on several visionary projects where environmental protection was a primary concern.\",\"breadcrumb\":{\"@id\":\"https:\/\/maisonenergeco.com\/en\/about\/founder-home-construction\/#breadcrumb\"},\"inLanguage\":\"en-US\",\"potentialAction\":[{\"@type\":\"ReadAction\",\"target\":[\"https:\/\/maisonenergeco.com\/en\/about\/founder-home-construction\/\"]}]},{\"@type\":\"BreadcrumbList\",\"@id\":\"https:\/\/maisonenergeco.com\/en\/about\/founder-home-construction\/#breadcrumb\",\"itemListElement\":[{\"@type\":\"ListItem\",\"position\":1,\"name\":\"Accueil\",\"item\":\"https:\/\/maisonenergeco.com\/en\/\"},{\"@type\":\"ListItem\",\"position\":2,\"name\":\"About\",\"item\":\"https:\/\/maisonenergeco.com\/en\/\"},{\"@type\":\"ListItem\",\"position\":3,\"name\":\"The Founder\"}]},{\"@type\":\"WebSite\",\"@id\":\"https:\/\/maisonenergeco.com\/#website\",\"url\":\"https:\/\/maisonenergeco.com\/\",\"name\":\"Maison \u00c9nerg\u00e9co\",\"description\":\"Maison modulaire et solaire pr\u00e9fabriqu\u00e9e\",\"potentialAction\":[{\"@type\":\"SearchAction\",\"target\":{\"@type\":\"EntryPoint\",\"urlTemplate\":\"https:\/\/maisonenergeco.com\/?s={search_term_string}\"},\"query-input\":{\"@type\":\"PropertyValueSpecification\",\"valueRequired\":true,\"valueName\":\"search_term_string\"}}],\"inLanguage\":\"en-US\"}]}<\/script>\n<!-- \/ Yoast SEO plugin. -->","yoast_head_json":{"title":"Modular home construction | Founder | Energeco concept","description":"With more than 30 years of experience in construction and the management of building sites in Qu\u00e9bec and France, Alain Culis has a strong background in sustainable development, having worked on several visionary projects where environmental protection was a primary concern.","robots":{"index":"index","follow":"follow","max-snippet":"max-snippet:-1","max-image-preview":"max-image-preview:large","max-video-preview":"max-video-preview:-1"},"canonical":"https:\/\/maisonenergeco.com\/en\/about\/founder-home-construction\/","og_locale":"en_US","og_type":"article","og_title":"Modular home construction | Founder | Energeco concept","og_description":"With more than 30 years of experience in construction and the management of building sites in Qu\u00e9bec and France, Alain Culis has a strong background in sustainable development, having worked on several visionary projects where environmental protection was a primary concern.","og_url":"https:\/\/maisonenergeco.com\/en\/about\/founder-home-construction\/","og_site_name":"Maison \u00c9nerg\u00e9co","article_modified_time":"2021-05-04T13:55:01+00:00","twitter_card":"summary_large_image","schema":{"@context":"https:\/\/schema.org","@graph":[{"@type":"WebPage","@id":"https:\/\/maisonenergeco.com\/en\/about\/founder-home-construction\/","url":"https:\/\/maisonenergeco.com\/en\/about\/founder-home-construction\/","name":"Modular home construction | Founder | Energeco concept","isPartOf":{"@id":"https:\/\/maisonenergeco.com\/#website"},"datePublished":"2018-03-14T15:14:34+00:00","dateModified":"2021-05-04T13:55:01+00:00","description":"With more than 30 years of experience in construction and the management of building sites in Qu\u00e9bec and France, Alain Culis has a strong background in sustainable development, having worked on several visionary projects where environmental protection was a primary concern.","breadcrumb":{"@id":"https:\/\/maisonenergeco.com\/en\/about\/founder-home-construction\/#breadcrumb"},"inLanguage":"en-US","potentialAction":[{"@type":"ReadAction","target":["https:\/\/maisonenergeco.com\/en\/about\/founder-home-construction\/"]}]},{"@type":"BreadcrumbList","@id":"https:\/\/maisonenergeco.com\/en\/about\/founder-home-construction\/#breadcrumb","itemListElement":[{"@type":"ListItem","position":1,"name":"Accueil","item":"https:\/\/maisonenergeco.com\/en\/"},{"@type":"ListItem","position":2,"name":"About","item":"https:\/\/maisonenergeco.com\/en\/"},{"@type":"ListItem","position":3,"name":"The Founder"}]},{"@type":"WebSite","@id":"https:\/\/maisonenergeco.com\/#website","url":"https:\/\/maisonenergeco.com\/","name":"Maison \u00c9nerg\u00e9co","description":"Maison modulaire et solaire pr\u00e9fabriqu\u00e9e","potentialAction":[{"@type":"SearchAction","target":{"@type":"EntryPoint","urlTemplate":"https:\/\/maisonenergeco.com\/?s={search_term_string}"},"query-input":{"@type":"PropertyValueSpecification","valueRequired":true,"valueName":"search_term_string"}}],"inLanguage":"en-US"}]}},"_links":{"self":[{"href":"https:\/\/maisonenergeco.com\/en\/wp-json\/wp\/v2\/pages\/736","targetHints":{"allow":["GET"]}}],"collection":[{"href":"https:\/\/maisonenergeco.com\/en\/wp-json\/wp\/v2\/pages"}],"about":[{"href":"https:\/\/maisonenergeco.com\/en\/wp-json\/wp\/v2\/types\/page"}],"author":[{"embeddable":true,"href":"https:\/\/maisonenergeco.com\/en\/wp-json\/wp\/v2\/users\/1"}],"replies":[{"embeddable":true,"href":"https:\/\/maisonenergeco.com\/en\/wp-json\/wp\/v2\/comments?post=736"}],"version-history":[{"count":3,"href":"https:\/\/maisonenergeco.com\/en\/wp-json\/wp\/v2\/pages\/736\/revisions"}],"predecessor-version":[{"id":1317,"href":"https:\/\/maisonenergeco.com\/en\/wp-json\/wp\/v2\/pages\/736\/revisions\/1317"}],"up":[{"embeddable":true,"href":"https:\/\/maisonenergeco.com\/en\/wp-json\/wp\/v2\/pages\/726"}],"wp:attachment":[{"href":"https:\/\/maisonenergeco.com\/en\/wp-json\/wp\/v2\/media?parent=736"}],"curies":[{"name":"wp","href":"https:\/\/api.w.org\/{rel}","templated":true}]}}