{"id":726,"date":"2017-11-03T13:41:44","date_gmt":"2017-11-03T17:41:44","guid":{"rendered":"https:\/\/dev.maisonenergeco.com\/a-propos\/"},"modified":"2021-05-04T09:50:19","modified_gmt":"2021-05-04T13:50:19","slug":"about","status":"publish","type":"page","link":"https:\/\/maisonenergeco.com\/en\/","title":{"rendered":"About"},"content":{"rendered":"<div class=\"wpb-content-wrapper\"><p>[vc_row full_width=&#8221;stretch_row&#8221; css=&#8221;.vc_custom_1522785088309{margin-bottom: 0px !important;padding-top: 35px !important;padding-bottom: 0px !important;background-color: #f9f9f9 !important;}&#8221;][vc_column width=&#8221;1\/2&#8243;][vc_text_separator title=&#8221;About Energ\u00e9co Concept&#8221; title_align=&#8221;separator_align_left&#8221; align=&#8221;align_left&#8221; color=&#8221;custom&#8221; border_width=&#8221;2&#8243; el_width=&#8221;70&#8243; accent_color=&#8221;#9dad20&#8243;][vc_column_text]<\/p>\n<h1>PREFAB MODULAR HOMES IN QU\u00c9BEC<\/h1>\n<p>[\/vc_column_text][\/vc_column][vc_column width=&#8221;1\/4&#8243; css=&#8221;.vc_custom_1522785160397{margin-bottom: 0px !important;padding-right: 0px !important;padding-bottom: 0px !important;padding-left: 0px !important;}&#8221; offset=&#8221;vc_hidden-sm vc_hidden-xs&#8221;][vc_single_image image=&#8221;934&#8243; img_size=&#8221;full&#8221; css=&#8221;.vc_custom_1523911483689{margin-right: 0px !important;margin-bottom: 0px !important;margin-left: 0px !important;padding-right: 0px !important;padding-bottom: 0px !important;padding-left: 0px !important;}&#8221;][\/vc_column][vc_column width=&#8221;1\/4&#8243; css=&#8221;.vc_custom_1522784972500{background-color: #9dad20 !important;}&#8221; el_class=&#8221;bloc-vert-accueil&#8221;][vc_icon icon_fontawesome=&#8221;fa fa-home&#8221; color=&#8221;white&#8221; size=&#8221;lg&#8221; css=&#8221;.vc_custom_1521049671139{margin-bottom: 0px !important;padding-top: 23px !important;}&#8221;][vc_column_text css=&#8221;.vc_custom_1523382520641{padding-right: 25px !important;}&#8221;]<\/p>\n<h5>Respect for the environment for the manufacture of your home &#8230;<\/h5>\n<p>[\/vc_column_text][vc_separator color=&#8221;white&#8221; align=&#8221;align_left&#8221; el_width=&#8221;10&#8243;][\/vc_column][\/vc_row][vc_row full_width=&#8221;stretch_row&#8221; css=&#8221;.vc_custom_1521051279391{margin-top: -35px !important;padding-top: 35px !important;background-color: #f9f9f9 !important;}&#8221;][vc_column width=&#8221;1\/2&#8243; css=&#8221;.vc_custom_1521050626084{margin-top: 0px !important;margin-right: 0px !important;padding-top: 0px !important;padding-right: 0px !important;}&#8221;][vc_single_image image=&#8221;206&#8243; img_size=&#8221;full&#8221; css=&#8221;.vc_custom_1522784611936{margin-right: 0px !important;padding-top: 0px !important;padding-right: 0px !important;}&#8221; el_class=&#8221;img-accueil&#8221;][\/vc_column][vc_column width=&#8221;1\/2&#8243; css=&#8221;.vc_custom_1620136217704{padding-right: 35px !important;padding-left: 35px !important;}&#8221;][vc_column_text css=&#8221;.vc_custom_1523459206656{padding-right: 35px !important;padding-left: 35px !important;}&#8221; el_class=&#8221;texte-accueil-1&#8243;]<\/p>\n<h4>\u00c9NERG\u00c9CO CONCEPT is a company based in the Laurentians that specializes in manufacturing energy\u2011efficient, 100% factory-built, prefab modular homes.<\/h4>\n<p>Thanks to continual investments in innovation and the improvement of its manufacturing processes, the company has enjoyed sustained growth since its inception in 2010.<\/p>\n<p>Our concept incorporates most of the LEED for Homes requirements. The fact that they are placed on plots of land and comply with the \u201cSustainable Site Development\u201d category means that all of the prefab modular homes that leave our factory\u00a0qualify for LEED certification,\u00a0even aspiring to Platinum level.[\/vc_column_text][\/vc_column][\/vc_row][vc_row full_width=&#8221;stretch_row&#8221; css=&#8221;.vc_custom_1522786638769{padding-bottom: 20px !important;background-color: #3c3a35 !important;}&#8221;][vc_column width=&#8221;1\/2&#8243; el_class=&#8221;point-accueil&#8221;][vc_text_separator title=&#8221;Our energy-efficient homes are :&#8221; title_align=&#8221;separator_align_left&#8221; color=&#8221;custom&#8221; border_width=&#8221;2&#8243; accent_color=&#8221;#3c3a35&#8243; el_class=&#8221;titre-centre&#8221; css=&#8221;.vc_custom_1523892552415{padding-top: 10px !important;padding-bottom: 15px !important;}&#8221;][vc_text_separator title=&#8221;Bioclimatic&#8221; i_type=&#8221;entypo&#8221; i_icon_entypo=&#8221;entypo-icon entypo-icon-check&#8221; i_color=&#8221;custom&#8221; title_align=&#8221;separator_align_left&#8221; align=&#8221;align_left&#8221; color=&#8221;custom&#8221; add_icon=&#8221;true&#8221; i_custom_color=&#8221;#9dad20&#8243; accent_color=&#8221;#3c3a35&#8243;][vc_text_separator title=&#8221;Built from sustainable, local materials.&#8221; i_type=&#8221;entypo&#8221; i_icon_entypo=&#8221;entypo-icon entypo-icon-check&#8221; i_color=&#8221;custom&#8221; title_align=&#8221;separator_align_left&#8221; align=&#8221;align_left&#8221; color=&#8221;custom&#8221; add_icon=&#8221;true&#8221; i_custom_color=&#8221;#9dad20&#8243; accent_color=&#8221;#3c3a35&#8243;][vc_text_separator title=&#8221;Uniquely modular, and customizable to specific needs and budgets.&#8221; i_type=&#8221;entypo&#8221; i_icon_entypo=&#8221;entypo-icon entypo-icon-check&#8221; i_color=&#8221;custom&#8221; title_align=&#8221;separator_align_left&#8221; align=&#8221;align_left&#8221; color=&#8221;custom&#8221; add_icon=&#8221;true&#8221; i_custom_color=&#8221;#9dad20&#8243; accent_color=&#8221;#3c3a35&#8243;][vc_text_separator title=&#8221;Scalable, to meet the need for new living areas; option of adding on modules to the existing floor plan without altering the environment.&#8221; i_type=&#8221;entypo&#8221; i_icon_entypo=&#8221;entypo-icon entypo-icon-check&#8221; i_color=&#8221;custom&#8221; title_align=&#8221;separator_align_left&#8221; align=&#8221;align_left&#8221; color=&#8221;custom&#8221; add_icon=&#8221;true&#8221; i_custom_color=&#8221;#9dad20&#8243; accent_color=&#8221;#3c3a35&#8243;][vc_text_separator title=&#8221;Made from factory-built prefab modules.&#8221; i_type=&#8221;entypo&#8221; i_icon_entypo=&#8221;entypo-icon entypo-icon-check&#8221; i_color=&#8221;custom&#8221; title_align=&#8221;separator_align_left&#8221; align=&#8221;align_left&#8221; color=&#8221;custom&#8221; add_icon=&#8221;true&#8221; i_custom_color=&#8221;#9dad20&#8243; accent_color=&#8221;#3c3a35&#8243;][vc_text_separator title=&#8221;Deliverable at different stages of completion&#8221; i_type=&#8221;entypo&#8221; i_icon_entypo=&#8221;entypo-icon entypo-icon-check&#8221; i_color=&#8221;custom&#8221; title_align=&#8221;separator_align_left&#8221; align=&#8221;align_left&#8221; color=&#8221;custom&#8221; add_icon=&#8221;true&#8221; i_custom_color=&#8221;#9dad20&#8243; accent_color=&#8221;#3c3a35&#8243;][vc_text_separator title=&#8221;Designed to accommodate a green roof (optional)&#8221; i_type=&#8221;entypo&#8221; i_icon_entypo=&#8221;entypo-icon entypo-icon-check&#8221; i_color=&#8221;custom&#8221; title_align=&#8221;separator_align_left&#8221; align=&#8221;align_left&#8221; color=&#8221;custom&#8221; add_icon=&#8221;true&#8221; i_custom_color=&#8221;#9dad20&#8243; accent_color=&#8221;#3c3a35&#8243;][\/vc_column][vc_column width=&#8221;1\/2&#8243;][vc_single_image image=&#8221;303&#8243; img_size=&#8221;full&#8221; css=&#8221;.vc_custom_1521063718835{margin-bottom: 0px !important;}&#8221;][\/vc_column][\/vc_row][vc_row][vc_column][vc_text_separator title=&#8221;The model homes&#8221; color=&#8221;custom&#8221; border_width=&#8221;2&#8243; accent_color=&#8221;#9dad20&#8243; el_class=&#8221;titre-centre&#8221; css=&#8221;.vc_custom_1620136101314{padding-top: 30px !important;padding-bottom: 30px !important;}&#8221;][\/vc_column][\/vc_row][vc_row css=&#8221;.vc_custom_1522786618639{padding-bottom: 20px !important;}&#8221;][vc_column width=&#8221;1\/4&#8243; css=&#8221;.vc_custom_1521059498697{padding-right: 1px !important;padding-left: 1px !important;}&#8221;]<div class=\"trailer_box \"><a href=\"\/en\/model-prefab-home-factory\/tiny-home\/\"  title=\"\"><img loading=\"lazy\" decoding=\"async\" class=\"scale-with-grid\" src=\"https:\/\/maisonenergeco.com\/wp-content\/uploads\/2018\/04\/micro-maison-energeco.jpg\" alt=\"micro-maison-energeco\" width=\"498\" height=\"791\"\/><div class=\"desc\"><div class=\"subtitle\">Tiny homes<\/div><h2 class=\"title \">Learn more \u2192<\/h2><div class=\"line\"><\/div><\/div><\/a><\/div>\n[\/vc_column][vc_column width=&#8221;1\/4&#8243; css=&#8221;.vc_custom_1521059517883{margin-top: 15px !important;padding-right: 1px !important;padding-left: 1px !important;}&#8221;]<div class=\"trailer_box \"><a href=\"\/en\/model-prefab-home-factory\/prefab-bungalows\/\"  title=\"\"><img loading=\"lazy\" decoding=\"async\" class=\"scale-with-grid\" src=\"https:\/\/maisonenergeco.com\/wp-content\/uploads\/2018\/04\/maison-plein-pied-energeco.jpg\" alt=\"maison-plein-pied-energeco\" width=\"498\" height=\"791\"\/><div class=\"desc\"><div class=\"subtitle\">Bungalows<\/div><h2 class=\"title \">Learn more \u2192<\/h2><div class=\"line\"><\/div><\/div><\/a><\/div>\n[\/vc_column][vc_column width=&#8221;1\/4&#8243; css=&#8221;.vc_custom_1521059535425{padding-right: 1px !important;padding-left: 1px !important;}&#8221;]<div class=\"trailer_box \"><a href=\"\/en\/model-prefab-home-factory\/modular-multi-level-home\/\"  title=\"\"><img loading=\"lazy\" decoding=\"async\" class=\"scale-with-grid\" src=\"https:\/\/maisonenergeco.com\/wp-content\/uploads\/2018\/04\/multi-etages-energeco.jpg\" alt=\"multi-etages-energeco\" width=\"498\" height=\"791\"\/><div class=\"desc\"><div class=\"subtitle\">Multi-level homes<\/div><h2 class=\"title \">Learn more \u2192<\/h2><div class=\"line\"><\/div><\/div><\/a><\/div>\n[\/vc_column][vc_column width=&#8221;1\/4&#8243; css=&#8221;.vc_custom_1521059546241{margin-top: 15px !important;padding-right: 1px !important;padding-left: 1px !important;}&#8221;]<div class=\"trailer_box \"><a href=\"\/en\/model-prefab-home-factory\/modular-multi-unit\/\"  title=\"\"><img loading=\"lazy\" decoding=\"async\" class=\"scale-with-grid\" src=\"https:\/\/maisonenergeco.com\/wp-content\/uploads\/2018\/04\/multiplex-energeco.jpg\" alt=\"multiplex-energeco\" width=\"498\" height=\"791\"\/><div class=\"desc\"><div class=\"subtitle\">Multi-unit<\/div><h2 class=\"title \">Learn more \u2192<\/h2><div class=\"line\"><\/div><\/div><\/a><\/div>\n[\/vc_column][\/vc_row]<\/p>\n<\/div>","protected":false},"excerpt":{"rendered":"<p>[vc_row full_width=&#8221;stretch_row&#8221; css=&#8221;.vc_custom_1522785088309{margin-bottom: 0px !important;padding-top: 35px !important;padding-bottom: 0px !important;background-color: #f9f9f9 !important;}&#8221;][vc_column width=&#8221;1\/2&#8243;][vc_text_separator title=&#8221;About Energ\u00e9co Concept&#8221; title_align=&#8221;separator_align_left&#8221; align=&#8221;align_left&#8221; color=&#8221;custom&#8221; border_width=&#8221;2&#8243; el_width=&#8221;70&#8243; accent_color=&#8221;#9dad20&#8243;][vc_column_text] PREFAB MODULAR HOMES IN QU\u00c9BEC<span class=\"excerpt-hellip\"> [\u2026]<\/span><\/p>\n","protected":false},"author":1,"featured_media":0,"parent":0,"menu_order":0,"comment_status":"closed","ping_status":"closed","template":"","meta":{"footnotes":""},"class_list":["post-726","page","type-page","status-publish","hentry"],"yoast_head":"<!-- This site is optimized with the Yoast SEO plugin v26.4 - https:\/\/yoast.com\/wordpress\/plugins\/seo\/ -->\n<title>prefab modular home Quebec, Laurentians | Energeco concept<\/title>\n<meta name=\"description\" content=\"\u00c9NERG\u00c9CO CONCEPT is a company based in the LAURENTIANS that specializes in manufacturing energy efficient, 100% factory-built, prefab modular homes. Contact us now for more information.\" \/>\n<meta name=\"robots\" content=\"index, follow, max-snippet:-1, max-image-preview:large, max-video-preview:-1\" \/>\n<link rel=\"canonical\" href=\"https:\/\/maisonenergeco.com\/en\/\" \/>\n<meta property=\"og:locale\" content=\"en_US\" \/>\n<meta property=\"og:type\" content=\"article\" \/>\n<meta property=\"og:title\" content=\"prefab modular home Quebec, Laurentians | Energeco concept\" \/>\n<meta property=\"og:description\" content=\"\u00c9NERG\u00c9CO CONCEPT is a company based in the LAURENTIANS that specializes in manufacturing energy efficient, 100% factory-built, prefab modular homes. Contact us now for more information.\" \/>\n<meta property=\"og:url\" content=\"https:\/\/maisonenergeco.com\/en\/\" \/>\n<meta property=\"og:site_name\" content=\"Maison \u00c9nerg\u00e9co\" \/>\n<meta property=\"article:modified_time\" content=\"2021-05-04T13:50:19+00:00\" \/>\n<meta name=\"twitter:card\" content=\"summary_large_image\" \/>\n<meta name=\"twitter:label1\" content=\"Est. reading time\" \/>\n\t<meta name=\"twitter:data1\" content=\"5 minutes\" \/>\n<script type=\"application\/ld+json\" class=\"yoast-schema-graph\">{\"@context\":\"https:\/\/schema.org\",\"@graph\":[{\"@type\":\"WebPage\",\"@id\":\"https:\/\/maisonenergeco.com\/en\/\",\"url\":\"https:\/\/maisonenergeco.com\/en\/\",\"name\":\"prefab modular home Quebec, Laurentians | Energeco concept\",\"isPartOf\":{\"@id\":\"https:\/\/maisonenergeco.com\/#website\"},\"datePublished\":\"2017-11-03T17:41:44+00:00\",\"dateModified\":\"2021-05-04T13:50:19+00:00\",\"description\":\"\u00c9NERG\u00c9CO CONCEPT is a company based in the LAURENTIANS that specializes in manufacturing energy efficient, 100% factory-built, prefab modular homes. Contact us now for more information.\",\"breadcrumb\":{\"@id\":\"https:\/\/maisonenergeco.com\/en\/#breadcrumb\"},\"inLanguage\":\"en-US\",\"potentialAction\":[{\"@type\":\"ReadAction\",\"target\":[\"https:\/\/maisonenergeco.com\/en\/\"]}]},{\"@type\":\"BreadcrumbList\",\"@id\":\"https:\/\/maisonenergeco.com\/en\/#breadcrumb\",\"itemListElement\":[{\"@type\":\"ListItem\",\"position\":1,\"name\":\"Accueil\",\"item\":\"https:\/\/maisonenergeco.com\/en\/\"},{\"@type\":\"ListItem\",\"position\":2,\"name\":\"About\"}]},{\"@type\":\"WebSite\",\"@id\":\"https:\/\/maisonenergeco.com\/#website\",\"url\":\"https:\/\/maisonenergeco.com\/\",\"name\":\"Maison \u00c9nerg\u00e9co\",\"description\":\"Maison modulaire et solaire pr\u00e9fabriqu\u00e9e\",\"potentialAction\":[{\"@type\":\"SearchAction\",\"target\":{\"@type\":\"EntryPoint\",\"urlTemplate\":\"https:\/\/maisonenergeco.com\/?s={search_term_string}\"},\"query-input\":{\"@type\":\"PropertyValueSpecification\",\"valueRequired\":true,\"valueName\":\"search_term_string\"}}],\"inLanguage\":\"en-US\"}]}<\/script>\n<!-- \/ Yoast SEO plugin. -->","yoast_head_json":{"title":"prefab modular home Quebec, Laurentians | Energeco concept","description":"\u00c9NERG\u00c9CO CONCEPT is a company based in the LAURENTIANS that specializes in manufacturing energy efficient, 100% factory-built, prefab modular homes. Contact us now for more information.","robots":{"index":"index","follow":"follow","max-snippet":"max-snippet:-1","max-image-preview":"max-image-preview:large","max-video-preview":"max-video-preview:-1"},"canonical":"https:\/\/maisonenergeco.com\/en\/","og_locale":"en_US","og_type":"article","og_title":"prefab modular home Quebec, Laurentians | Energeco concept","og_description":"\u00c9NERG\u00c9CO CONCEPT is a company based in the LAURENTIANS that specializes in manufacturing energy efficient, 100% factory-built, prefab modular homes. Contact us now for more information.","og_url":"https:\/\/maisonenergeco.com\/en\/","og_site_name":"Maison \u00c9nerg\u00e9co","article_modified_time":"2021-05-04T13:50:19+00:00","twitter_card":"summary_large_image","twitter_misc":{"Est. reading time":"5 minutes"},"schema":{"@context":"https:\/\/schema.org","@graph":[{"@type":"WebPage","@id":"https:\/\/maisonenergeco.com\/en\/","url":"https:\/\/maisonenergeco.com\/en\/","name":"prefab modular home Quebec, Laurentians | Energeco concept","isPartOf":{"@id":"https:\/\/maisonenergeco.com\/#website"},"datePublished":"2017-11-03T17:41:44+00:00","dateModified":"2021-05-04T13:50:19+00:00","description":"\u00c9NERG\u00c9CO CONCEPT is a company based in the LAURENTIANS that specializes in manufacturing energy efficient, 100% factory-built, prefab modular homes. Contact us now for more information.","breadcrumb":{"@id":"https:\/\/maisonenergeco.com\/en\/#breadcrumb"},"inLanguage":"en-US","potentialAction":[{"@type":"ReadAction","target":["https:\/\/maisonenergeco.com\/en\/"]}]},{"@type":"BreadcrumbList","@id":"https:\/\/maisonenergeco.com\/en\/#breadcrumb","itemListElement":[{"@type":"ListItem","position":1,"name":"Accueil","item":"https:\/\/maisonenergeco.com\/en\/"},{"@type":"ListItem","position":2,"name":"About"}]},{"@type":"WebSite","@id":"https:\/\/maisonenergeco.com\/#website","url":"https:\/\/maisonenergeco.com\/","name":"Maison \u00c9nerg\u00e9co","description":"Maison modulaire et solaire pr\u00e9fabriqu\u00e9e","potentialAction":[{"@type":"SearchAction","target":{"@type":"EntryPoint","urlTemplate":"https:\/\/maisonenergeco.com\/?s={search_term_string}"},"query-input":{"@type":"PropertyValueSpecification","valueRequired":true,"valueName":"search_term_string"}}],"inLanguage":"en-US"}]}},"_links":{"self":[{"href":"https:\/\/maisonenergeco.com\/en\/wp-json\/wp\/v2\/pages\/726","targetHints":{"allow":["GET"]}}],"collection":[{"href":"https:\/\/maisonenergeco.com\/en\/wp-json\/wp\/v2\/pages"}],"about":[{"href":"https:\/\/maisonenergeco.com\/en\/wp-json\/wp\/v2\/types\/page"}],"author":[{"embeddable":true,"href":"https:\/\/maisonenergeco.com\/en\/wp-json\/wp\/v2\/users\/1"}],"replies":[{"embeddable":true,"href":"https:\/\/maisonenergeco.com\/en\/wp-json\/wp\/v2\/comments?post=726"}],"version-history":[{"count":8,"href":"https:\/\/maisonenergeco.com\/en\/wp-json\/wp\/v2\/pages\/726\/revisions"}],"predecessor-version":[{"id":1315,"href":"https:\/\/maisonenergeco.com\/en\/wp-json\/wp\/v2\/pages\/726\/revisions\/1315"}],"wp:attachment":[{"href":"https:\/\/maisonenergeco.com\/en\/wp-json\/wp\/v2\/media?parent=726"}],"curies":[{"name":"wp","href":"https:\/\/api.w.org\/{rel}","templated":true}]}}