{"id":1254,"date":"2020-03-16T15:01:39","date_gmt":"2020-03-16T19:01:39","guid":{"rendered":"https:\/\/maisonenergeco.com\/model-prefab-home-factory\/refuge\/"},"modified":"2022-02-25T10:46:20","modified_gmt":"2022-02-25T15:46:20","slug":"escapade-540","status":"publish","type":"page","link":"https:\/\/maisonenergeco.com\/en\/model-prefab-home-factory\/escapade-540\/","title":{"rendered":"L&#8217;Escapade 540"},"content":{"rendered":"<div class=\"wpb-content-wrapper\"><p>[vc_row full_width=&#8221;stretch_row&#8221; css=&#8221;.vc_custom_1521210446648{margin-bottom: 0px !important;padding-top: 35px !important;padding-bottom: 0px !important;background-image: url(https:\/\/maisonenergeco.com\/wp-content\/uploads\/2018\/03\/fond-gris.jpg?id=340) !important;}&#8221;][vc_column width=&#8221;1\/2&#8243;][vc_text_separator title=&#8221;Modular homes&#8221; title_align=&#8221;separator_align_left&#8221; align=&#8221;align_left&#8221; color=&#8221;custom&#8221; border_width=&#8221;2&#8243; el_width=&#8221;70&#8243; accent_color=&#8221;#9dad20&#8243; css=&#8221;.vc_custom_1584450728229{padding-top: 20px !important;}&#8221;][vc_column_text]<\/p>\n<h1>L&#8217;Escapade 540<\/h1>\n<h3>\u00c9NERG\u00c9CO CONCEPT<\/h3>\n<p>[\/vc_column_text][vc_btn title=&#8221;CONTACT US&#8221; style=&#8221;custom&#8221; custom_background=&#8221;#9ba91e&#8221; custom_text=&#8221;#ffffff&#8221; shape=&#8221;square&#8221; align=&#8221;left&#8221; i_align=&#8221;right&#8221; i_type=&#8221;typicons&#8221; i_icon_typicons=&#8221;typcn typcn-arrow-right&#8221; add_icon=&#8221;true&#8221; link=&#8221;url:https%3A%2F%2Fmaisonenergeco.com%2Fen%2Fcontact-green-sustainable-home%2F|title:Contact%20us||&#8221;][\/vc_column][vc_column width=&#8221;1\/2&#8243; css=&#8221;.vc_custom_1521050235681{margin-bottom: 0px !important;padding-right: 0px !important;padding-bottom: 0px !important;padding-left: 0px !important;}&#8221;][vc_single_image image=&#8221;1407&#8243; img_size=&#8221;full&#8221; css=&#8221;.vc_custom_1620676029350{margin-top: -50px !important;margin-right: 0px !important;margin-bottom: 0px !important;margin-left: 0px !important;padding-right: 0px !important;padding-bottom: 0px !important;padding-left: 0px !important;}&#8221;][\/vc_column][\/vc_row][vc_row][vc_column width=&#8221;3\/4&#8243;][vc_column_text]<\/p>\n<h4>L&#8217;Escapade 540 has been developed for people looking for a simple, harmonious and functional place in which to feel at one with nature. Thanks to a completely glazed facade, this green and affordable modern prefab tiny house kit home has the quality of being able to frame a landscape and to offer compact spaces bathed in natural light that feel larger than reality.<\/h4>\n<p>[\/vc_column_text][vc_row_inner][vc_column_inner][vc_media_grid grid_id=&#8221;vc_gid:1645803824079-9ea2fe10-e4a8-2&#8243; include=&#8221;1407,1409,1411&#8243;][\/vc_column_inner][\/vc_row_inner][\/vc_column][vc_column width=&#8221;1\/4&#8243;][vc_column_text el_class=&#8221;sidebar-maison sidebar-serie-m&#8221;]<strong>Specifications :<\/strong><\/p>\n<ul>\n<li><strong>Type :<\/strong> Accessory dwelling unit (ADU)<\/li>\n<li><strong>Living area : <\/strong>500 sq ft<\/li>\n<li><strong>Floors\u00a0: <\/strong>1<\/li>\n<li><strong>Rooms : <\/strong>2<\/li>\n<li><strong>Total consumption : <\/strong>6 503 kWh \/ year*\u200b\u200b\u200b\u200b\u200b\u200b\u200b<\/li>\n<li><strong>Energy cost : <\/strong>564$\/year*<\/li>\n<li><strong>PSI rating :<\/strong> 52 kWh \/ m\u00b2 per year<\/li>\n<li><strong>Targeted certification : <\/strong>LEED\u00ae Platinum (in QC)<\/li>\n<\/ul>\n<p><em>*Based on the south-facing orientation and estimates of an energy simulation depending on the equipment provided in the model house. <\/em>[\/vc_column_text][vc_column_text el_class=&#8221;sidebar-maison&#8221;]<strong>The kit includes :<\/strong><\/p>\n<ul>\n<li>Modular design manufactured<br \/>\n100% in the factory<\/li>\n<li>Exterior walls<br \/>\n&amp; roof prefinished<\/li>\n<li>High performance doors<br \/>\n&amp; windows pre-installed<\/li>\n<\/ul>\n<p><strong>Not included :<\/strong><\/p>\n<ul>\n<li>Building Lot<\/li>\n<li>Foundations or Screw-Piles<\/li>\n<li>Provisions for mains or independent<br \/>\nwater &amp; power services<\/li>\n<\/ul>\n<p><strong>Options :<\/strong><\/p>\n<ul>\n<li>Personalization<\/li>\n<li>Turnkey: complete interior finish in healthy and local materials<\/li>\n<li>Garage<\/li>\n<\/ul>\n<p>[\/vc_column_text][\/vc_column][\/vc_row][vc_row full_width=&#8221;stretch_row&#8221; css=&#8221;.vc_custom_1557331340064{background-color: #655f56 !important;}&#8221; el_class=&#8221;blanc serie-m&#8221;][vc_column][vc_column_text]<\/p>\n<h2 style=\"text-align: center;\">Features<\/h2>\n<p>[\/vc_column_text][vc_separator color=&#8221;white&#8221; el_width=&#8221;10&#8243; css=&#8221;.vc_custom_1557339932929{margin-top: -25px !important;}&#8221;][vc_row_inner][vc_column_inner width=&#8221;1\/3&#8243;][vc_column_text]<\/p>\n<h4><strong>Architectural features<\/strong><\/h4>\n<ul>\n<li>Contemporary modern minimalist style<\/li>\n<li>Open floorplan<\/li>\n<li>Optimized architecture for passive solar gain<\/li>\n<li>A complete bathroom<\/li>\n<\/ul>\n<h4><strong>Techniques<\/strong><\/h4>\n<ul>\n<li>Prefabricated modular construction direct from the factory<\/li>\n<li>Made with sustainable materials sourced in the region<\/li>\n<\/ul>\n<p>[\/vc_column_text][\/vc_column_inner][vc_column_inner width=&#8221;1\/3&#8243;][vc_column_text]<\/p>\n<h4><strong>Fondation<\/strong><\/h4>\n<ul>\n<li>Modular Design adapted to be anchored to piles, concrete slab-on-grade or existing buildings<\/li>\n<\/ul>\n<h4><strong>Walls<\/strong><\/h4>\n<ul>\n<li>Exterior panels made of wood fiber panels permeable to water vapour<\/li>\n<li>High density cellulose insulation<\/li>\n<li>Double inner and outer furring allowing fast electrical wiring installation<\/li>\n<\/ul>\n<h4><strong>Roofing and siding<\/strong><\/h4>\n<ul>\n<li>Roll membrane and a combination of steel and cedar siding<\/li>\n<\/ul>\n<p>[\/vc_column_text][\/vc_column_inner][vc_column_inner width=&#8221;1\/3&#8243;][vc_column_text]<\/p>\n<h4><strong>Turnkey option<br \/>\nFinishes Available <\/strong><\/h4>\n<ul>\n<li>Natural plywood wall &amp; ceiling<\/li>\n<li>Possibility of complete factory-finished interiors<\/li>\n<li>Selection of VOC-free materials for healthy indoor air quality<\/li>\n<\/ul>\n<h4><strong>Doors &amp; windows<\/strong><\/h4>\n<ul>\n<li>High performance triple-glazing<\/li>\n<li>Argon gas filled sealed units<\/li>\n<li>Double layer of low-emissivity film on glazing panels for maximum insulation &amp; UV protection of furnishings &amp; finishes<\/li>\n<li>Average R-value: R6 compared to standard double-glazed at R-2<\/li>\n<\/ul>\n<p>[\/vc_column_text][\/vc_column_inner][\/vc_row_inner][\/vc_column][\/vc_row][vc_row equal_height=&#8221;yes&#8221; content_placement=&#8221;middle&#8221;][vc_column][vc_separator color=&#8221;custom&#8221; accent_color=&#8221;#9dad20&#8243;][\/vc_column][\/vc_row][vc_row full_width=&#8221;stretch_row&#8221; equal_height=&#8221;yes&#8221; content_placement=&#8221;middle&#8221; css=&#8221;.vc_custom_1557331354906{background-color: #655f56 !important;}&#8221; el_class=&#8221;blanc serie-m&#8221;][vc_column width=&#8221;2\/3&#8243;][vc_column_text]<\/p>\n<h3>Get a free quote now<\/h3>\n<p>[\/vc_column_text][\/vc_column][vc_column width=&#8221;1\/3&#8243;][vc_btn title=&#8221;CONTACT US&#8221; style=&#8221;custom&#8221; custom_background=&#8221;#9ba91e&#8221; custom_text=&#8221;#ffffff&#8221; shape=&#8221;square&#8221; align=&#8221;center&#8221; i_align=&#8221;right&#8221; i_type=&#8221;typicons&#8221; i_icon_typicons=&#8221;typcn typcn-arrow-right&#8221; button_block=&#8221;true&#8221; add_icon=&#8221;true&#8221; link=&#8221;url:https%3A%2F%2Fmaisonenergeco.com%2Fen%2Fcontact-green-sustainable-home%2F|title:Contact%20us||&#8221;][\/vc_column][\/vc_row]<\/p>\n<\/div>","protected":false},"excerpt":{"rendered":"<p>[vc_row full_width=&#8221;stretch_row&#8221; css=&#8221;.vc_custom_1521210446648{margin-bottom: 0px !important;padding-top: 35px !important;padding-bottom: 0px !important;background-image: url(https:\/\/maisonenergeco.com\/wp-content\/uploads\/2018\/03\/fond-gris.jpg?id=340) !important;}&#8221;][vc_column width=&#8221;1\/2&#8243;][vc_text_separator title=&#8221;Modular homes&#8221; title_align=&#8221;separator_align_left&#8221; align=&#8221;align_left&#8221; color=&#8221;custom&#8221; border_width=&#8221;2&#8243; el_width=&#8221;70&#8243; accent_color=&#8221;#9dad20&#8243; css=&#8221;.vc_custom_1584450728229{padding-top: 20px !important;}&#8221;][vc_column_text] L&#8217;Escapade 540 \u00c9NERG\u00c9CO<span class=\"excerpt-hellip\"> [\u2026]<\/span><\/p>\n","protected":false},"author":1,"featured_media":0,"parent":802,"menu_order":0,"comment_status":"closed","ping_status":"closed","template":"","meta":{"footnotes":""},"class_list":["post-1254","page","type-page","status-publish","hentry"],"yoast_head":"<!-- This site is optimized with the Yoast SEO plugin v26.4 - https:\/\/yoast.com\/wordpress\/plugins\/seo\/ -->\n<title>Escapade 540 prefab bungalows Laurentians - Maison \u00c9nerg\u00e9co<\/title>\n<meta name=\"description\" content=\"L&#039;Escapade 540 has been developed for people looking for a simple, harmonious and functional place in which to feel at one with nature.\" \/>\n<meta name=\"robots\" content=\"index, follow, max-snippet:-1, max-image-preview:large, max-video-preview:-1\" \/>\n<link rel=\"canonical\" href=\"https:\/\/maisonenergeco.com\/en\/model-prefab-home-factory\/escapade-540\/\" \/>\n<meta property=\"og:locale\" content=\"en_US\" \/>\n<meta property=\"og:type\" content=\"article\" \/>\n<meta property=\"og:title\" content=\"Escapade 540 prefab bungalows Laurentians - Maison \u00c9nerg\u00e9co\" \/>\n<meta property=\"og:description\" content=\"L&#039;Escapade 540 has been developed for people looking for a simple, harmonious and functional place in which to feel at one with nature.\" \/>\n<meta property=\"og:url\" content=\"https:\/\/maisonenergeco.com\/en\/model-prefab-home-factory\/escapade-540\/\" \/>\n<meta property=\"og:site_name\" content=\"Maison \u00c9nerg\u00e9co\" \/>\n<meta property=\"article:modified_time\" content=\"2022-02-25T15:46:20+00:00\" \/>\n<meta name=\"twitter:card\" content=\"summary_large_image\" \/>\n<meta name=\"twitter:label1\" content=\"Est. reading time\" \/>\n\t<meta name=\"twitter:data1\" content=\"2 minutes\" \/>\n<script type=\"application\/ld+json\" class=\"yoast-schema-graph\">{\"@context\":\"https:\/\/schema.org\",\"@graph\":[{\"@type\":\"WebPage\",\"@id\":\"https:\/\/maisonenergeco.com\/en\/model-prefab-home-factory\/escapade-540\/\",\"url\":\"https:\/\/maisonenergeco.com\/en\/model-prefab-home-factory\/escapade-540\/\",\"name\":\"Escapade 540 prefab bungalows Laurentians - Maison \u00c9nerg\u00e9co\",\"isPartOf\":{\"@id\":\"https:\/\/maisonenergeco.com\/#website\"},\"datePublished\":\"2020-03-16T19:01:39+00:00\",\"dateModified\":\"2022-02-25T15:46:20+00:00\",\"description\":\"L'Escapade 540 has been developed for people looking for a simple, harmonious and functional place in which to feel at one with nature.\",\"breadcrumb\":{\"@id\":\"https:\/\/maisonenergeco.com\/en\/model-prefab-home-factory\/escapade-540\/#breadcrumb\"},\"inLanguage\":\"en-US\",\"potentialAction\":[{\"@type\":\"ReadAction\",\"target\":[\"https:\/\/maisonenergeco.com\/en\/model-prefab-home-factory\/escapade-540\/\"]}]},{\"@type\":\"BreadcrumbList\",\"@id\":\"https:\/\/maisonenergeco.com\/en\/model-prefab-home-factory\/escapade-540\/#breadcrumb\",\"itemListElement\":[{\"@type\":\"ListItem\",\"position\":1,\"name\":\"Accueil\",\"item\":\"https:\/\/maisonenergeco.com\/en\/\"},{\"@type\":\"ListItem\",\"position\":2,\"name\":\"Models\",\"item\":\"https:\/\/maisonenergeco.com\/en\/model-prefab-home-factory\/\"},{\"@type\":\"ListItem\",\"position\":3,\"name\":\"L&#8217;Escapade 540\"}]},{\"@type\":\"WebSite\",\"@id\":\"https:\/\/maisonenergeco.com\/#website\",\"url\":\"https:\/\/maisonenergeco.com\/\",\"name\":\"Maison \u00c9nerg\u00e9co\",\"description\":\"Maison modulaire et solaire pr\u00e9fabriqu\u00e9e\",\"potentialAction\":[{\"@type\":\"SearchAction\",\"target\":{\"@type\":\"EntryPoint\",\"urlTemplate\":\"https:\/\/maisonenergeco.com\/?s={search_term_string}\"},\"query-input\":{\"@type\":\"PropertyValueSpecification\",\"valueRequired\":true,\"valueName\":\"search_term_string\"}}],\"inLanguage\":\"en-US\"}]}<\/script>\n<!-- \/ Yoast SEO plugin. -->","yoast_head_json":{"title":"Escapade 540 prefab bungalows Laurentians - Maison \u00c9nerg\u00e9co","description":"L'Escapade 540 has been developed for people looking for a simple, harmonious and functional place in which to feel at one with nature.","robots":{"index":"index","follow":"follow","max-snippet":"max-snippet:-1","max-image-preview":"max-image-preview:large","max-video-preview":"max-video-preview:-1"},"canonical":"https:\/\/maisonenergeco.com\/en\/model-prefab-home-factory\/escapade-540\/","og_locale":"en_US","og_type":"article","og_title":"Escapade 540 prefab bungalows Laurentians - Maison \u00c9nerg\u00e9co","og_description":"L'Escapade 540 has been developed for people looking for a simple, harmonious and functional place in which to feel at one with nature.","og_url":"https:\/\/maisonenergeco.com\/en\/model-prefab-home-factory\/escapade-540\/","og_site_name":"Maison \u00c9nerg\u00e9co","article_modified_time":"2022-02-25T15:46:20+00:00","twitter_card":"summary_large_image","twitter_misc":{"Est. reading time":"2 minutes"},"schema":{"@context":"https:\/\/schema.org","@graph":[{"@type":"WebPage","@id":"https:\/\/maisonenergeco.com\/en\/model-prefab-home-factory\/escapade-540\/","url":"https:\/\/maisonenergeco.com\/en\/model-prefab-home-factory\/escapade-540\/","name":"Escapade 540 prefab bungalows Laurentians - Maison \u00c9nerg\u00e9co","isPartOf":{"@id":"https:\/\/maisonenergeco.com\/#website"},"datePublished":"2020-03-16T19:01:39+00:00","dateModified":"2022-02-25T15:46:20+00:00","description":"L'Escapade 540 has been developed for people looking for a simple, harmonious and functional place in which to feel at one with nature.","breadcrumb":{"@id":"https:\/\/maisonenergeco.com\/en\/model-prefab-home-factory\/escapade-540\/#breadcrumb"},"inLanguage":"en-US","potentialAction":[{"@type":"ReadAction","target":["https:\/\/maisonenergeco.com\/en\/model-prefab-home-factory\/escapade-540\/"]}]},{"@type":"BreadcrumbList","@id":"https:\/\/maisonenergeco.com\/en\/model-prefab-home-factory\/escapade-540\/#breadcrumb","itemListElement":[{"@type":"ListItem","position":1,"name":"Accueil","item":"https:\/\/maisonenergeco.com\/en\/"},{"@type":"ListItem","position":2,"name":"Models","item":"https:\/\/maisonenergeco.com\/en\/model-prefab-home-factory\/"},{"@type":"ListItem","position":3,"name":"L&#8217;Escapade 540"}]},{"@type":"WebSite","@id":"https:\/\/maisonenergeco.com\/#website","url":"https:\/\/maisonenergeco.com\/","name":"Maison \u00c9nerg\u00e9co","description":"Maison modulaire et solaire pr\u00e9fabriqu\u00e9e","potentialAction":[{"@type":"SearchAction","target":{"@type":"EntryPoint","urlTemplate":"https:\/\/maisonenergeco.com\/?s={search_term_string}"},"query-input":{"@type":"PropertyValueSpecification","valueRequired":true,"valueName":"search_term_string"}}],"inLanguage":"en-US"}]}},"_links":{"self":[{"href":"https:\/\/maisonenergeco.com\/en\/wp-json\/wp\/v2\/pages\/1254","targetHints":{"allow":["GET"]}}],"collection":[{"href":"https:\/\/maisonenergeco.com\/en\/wp-json\/wp\/v2\/pages"}],"about":[{"href":"https:\/\/maisonenergeco.com\/en\/wp-json\/wp\/v2\/types\/page"}],"author":[{"embeddable":true,"href":"https:\/\/maisonenergeco.com\/en\/wp-json\/wp\/v2\/users\/1"}],"replies":[{"embeddable":true,"href":"https:\/\/maisonenergeco.com\/en\/wp-json\/wp\/v2\/comments?post=1254"}],"version-history":[{"count":10,"href":"https:\/\/maisonenergeco.com\/en\/wp-json\/wp\/v2\/pages\/1254\/revisions"}],"predecessor-version":[{"id":1465,"href":"https:\/\/maisonenergeco.com\/en\/wp-json\/wp\/v2\/pages\/1254\/revisions\/1465"}],"up":[{"embeddable":true,"href":"https:\/\/maisonenergeco.com\/en\/wp-json\/wp\/v2\/pages\/802"}],"wp:attachment":[{"href":"https:\/\/maisonenergeco.com\/en\/wp-json\/wp\/v2\/media?parent=1254"}],"curies":[{"name":"wp","href":"https:\/\/api.w.org\/{rel}","templated":true}]}}